{"id":2137,"date":"2024-12-02T07:40:15","date_gmt":"2024-12-02T07:40:15","guid":{"rendered":"https:\/\/research.hospitalityculture.ro\/?post_type=product&#038;p=2137"},"modified":"2024-12-02T07:43:56","modified_gmt":"2024-12-02T07:43:56","slug":"momentele-de-impartasire-comportament-de-achizitie-si-consum-in-horeca","status":"publish","type":"product","link":"https:\/\/research.hospitalityculture.ro\/ro\/produs\/momentele-de-impartasire-comportament-de-achizitie-si-consum-in-horeca\/","title":{"rendered":"Momentele de \u00eemp\u0103rt\u0103\u0219ire &#8211; Comportament de achizi\u021bie \u0219i consum in Horeca"},"content":{"rendered":"<div class=\"flex-shrink-0 flex flex-col relative items-end\">\n<div class=\"pt-0\">\n<div class=\"gizmo-bot-avatar flex h-8 w-8 items-center justify-center overflow-hidden rounded-full\">\n<div class=\"relative p-1 rounded-sm flex items-center justify-center bg-token-main-surface-primary text-token-text-primary h-8 w-8\">\n<p>\u00cen clusterizarea ocaziilor de consum, am luat \u00een considerare dou\u0103 seturi de factori determinan\u021bi (emo\u021bionali \u0219i func\u021bionali), care au stat la baza alegerii locului de achizi\u021bie\/consum.<\/p>\n<p>Acestia sunt cei mai importanti vectori, deoarece pe baza lor vom construi mesajul \u0219i vom prioritiza p\u00e2rghiile mixului de marketing pentru a valorifica\/opportunitatea identificat\u0103.<\/p>\n<p>Profil\u0103m clusterul conform dimensiunilor W: Unde, De ce, C\u00e2nd, Cu cine, comportamentul de consum alimentar\/acas\u0103 sau \u00een afara casei \u00een general \u0219i datele demografice.<\/p>\n<p>\u00cen func\u021bie de aceast\u0103 segmentare, putem personaliza comunicarea \u0219i oferta, \u021bin\u00e2nd cont de caracteristicile ocaziei respective.<\/p>\n<\/div>\n<\/div>\n<\/div>\n<\/div>\n<div class=\"group\/conversation-turn relative flex w-full min-w-0 flex-col agent-turn\">\n<div class=\"flex-col gap-1 md:gap-3\">\n<div class=\"flex max-w-full flex-col flex-grow\">\n<div class=\"min-h-8 text-message flex w-full flex-col items-end gap-2 whitespace-normal break-words [.text-message+&amp;]:mt-5\" dir=\"auto\" data-message-author-role=\"assistant\" data-message-id=\"2efb253e-cef8-4c98-9353-6535010fd0a8\" data-message-model-slug=\"gpt-4o\">\n<div class=\"flex w-full flex-col gap-1 empty:hidden first:pt-[3px]\">\n<div class=\"markdown prose w-full break-words dark:prose-invert light\">\n<p><strong>Public \u021bint\u0103:<\/strong> Persoane de 18+, din 5 ora\u0219e (Bucure\u0219ti, Timi\u0219oara, Cluj, Ia\u0219i, Bra\u0219ov), care au consumat mancare gatita \u00een ultima lun\u0103.<\/p>\n<p><strong>Raport segment: Momentele de \u00eemp\u0103rt\u0103\u0219ire<\/strong><\/p>\n<\/div>\n<\/div>\n<\/div>\n<\/div>\n<\/div>\n<\/div>\n","protected":false},"excerpt":{"rendered":"<p><strong>Raport segment: Momentele de \u00eemp\u0103rt\u0103\u0219ire. <\/strong><\/p>\n<div class=\"group\/conversation-turn relative flex w-full min-w-0 flex-col agent-turn\">\n<div class=\"flex-col gap-1 md:gap-3\">\n<div class=\"flex max-w-full flex-col flex-grow\">\n<div class=\"min-h-8 text-message flex w-full flex-col items-end gap-2 whitespace-normal break-words [.text-message+&amp;]:mt-5\" dir=\"auto\" data-message-author-role=\"assistant\" data-message-id=\"a228cc77-c7e8-455e-9be2-ad470aaf0fd9\" data-message-model-slug=\"gpt-4o\">\n<div class=\"flex w-full flex-col gap-1 empty:hidden first:pt-[3px]\">\n<div class=\"markdown prose w-full break-words dark:prose-invert light\">\n<p>Nevoia profund\u0103 este de a consolida sau \u00eembun\u0103t\u0103\u021bi rela\u021biile cu membrii familiei sau prietenii. Este mai mult despre conectarea cu cei dragi \u0219i mai pu\u021bin despre satisfacerea foamei. Luarea mesei \u00een afara casei, \u00een special \u00een restaurante standard, pare a fi o scuz\u0103 pentru a petrece timp de calitate al\u0103turi de cei apropia\u021bi. Acesta este motivul pentru care ambian\u021ba (\u00een special comportamentul personalului) r\u0103m\u00e2ne un criteriu important \u00een alegerea loca\u021biei \u0219i\/sau evaluarea experien\u021bei.<\/p>\n<\/div>\n<\/div>\n<\/div>\n<\/div>\n<\/div>\n<\/div>\n","protected":false},"featured_media":2107,"comment_status":"open","ping_status":"closed","template":"","meta":[],"product_brand":[],"product_cat":[15],"product_tag":[],"class_list":{"0":"post-2137","1":"product","2":"type-product","3":"status-publish","4":"has-post-thumbnail","6":"product_cat-rapoarte","8":"first","9":"instock","10":"downloadable","11":"virtual","12":"purchasable","13":"product-type-simple"},"acf":[],"yoast_head":"<!-- This site is optimized with the Yoast SEO plugin v27.4 - https:\/\/yoast.com\/product\/yoast-seo-wordpress\/ -->\n<title>Momentele de \u00eemp\u0103rt\u0103\u0219ire - Comportament de achizi\u021bie \u0219i consum in Horeca - Hospitality Culture Research<\/title>\n<meta name=\"description\" content=\"Nevoia profund\u0103 este de a consolida sau \u00eembun\u0103t\u0103\u021bi rela\u021biile cu membrii familiei sau prietenii. Este mai mult despre conectarea cu cei dragi \u0219i mai pu\u021bin despre satisfacerea foamei. Luarea mesei \u00een afara casei, \u00een special \u00een restaurante standard, pare a fi o scuz\u0103 pentru a petrece timp de calitate al\u0103turi de cei apropia\u021bi. Acesta este motivul pentru care ambian\u021ba (\u00een special comportamentul personalului) r\u0103m\u00e2ne un criteriu important \u00een alegerea loca\u021biei \u0219i\/sau evaluarea experien\u021bei.\" \/>\n<meta name=\"robots\" content=\"index, follow, max-snippet:-1, max-image-preview:large, max-video-preview:-1\" \/>\n<link rel=\"canonical\" href=\"https:\/\/research.hospitalityculture.ro\/produs\/momentele-de-impartasire-comportament-de-achizitie-si-consum-in-horeca\/\" \/>\n<meta property=\"og:locale\" content=\"ro_RO\" \/>\n<meta property=\"og:type\" content=\"article\" \/>\n<meta property=\"og:title\" content=\"Momentele de \u00eemp\u0103rt\u0103\u0219ire - Comportament de achizi\u021bie \u0219i consum in Horeca - Hospitality Culture Research\" \/>\n<meta property=\"og:description\" content=\"Nevoia profund\u0103 este de a consolida sau \u00eembun\u0103t\u0103\u021bi rela\u021biile cu membrii familiei sau prietenii. Este mai mult despre conectarea cu cei dragi \u0219i mai pu\u021bin despre satisfacerea foamei. Luarea mesei \u00een afara casei, \u00een special \u00een restaurante standard, pare a fi o scuz\u0103 pentru a petrece timp de calitate al\u0103turi de cei apropia\u021bi. Acesta este motivul pentru care ambian\u021ba (\u00een special comportamentul personalului) r\u0103m\u00e2ne un criteriu important \u00een alegerea loca\u021biei \u0219i\/sau evaluarea experien\u021bei.\" \/>\n<meta property=\"og:url\" content=\"https:\/\/research.hospitalityculture.ro\/produs\/momentele-de-impartasire-comportament-de-achizitie-si-consum-in-horeca\/\" \/>\n<meta property=\"og:site_name\" content=\"Hospitality Culture Research\" \/>\n<meta property=\"article:publisher\" content=\"https:\/\/www.facebook.com\/hospitalityculture.ro\/\" \/>\n<meta property=\"article:modified_time\" content=\"2024-12-02T07:43:56+00:00\" \/>\n<meta property=\"og:image\" content=\"https:\/\/research.hospitalityculture.ro\/wp-content\/uploads\/2024\/11\/segmentare-ocazii-de-consum.jpg\" \/>\n\t<meta property=\"og:image:width\" content=\"1015\" \/>\n\t<meta property=\"og:image:height\" content=\"696\" \/>\n\t<meta property=\"og:image:type\" content=\"image\/jpeg\" \/>\n<meta name=\"twitter:card\" content=\"summary_large_image\" \/>\n<meta name=\"twitter:label1\" content=\"Timp estimat pentru citire\" \/>\n\t<meta name=\"twitter:data1\" content=\"1 minut\" \/>\n<script type=\"application\/ld+json\" class=\"yoast-schema-graph\">{\"@context\":\"https:\\\/\\\/schema.org\",\"@graph\":[{\"@type\":\"WebPage\",\"@id\":\"https:\\\/\\\/research.hospitalityculture.ro\\\/produs\\\/momentele-de-impartasire-comportament-de-achizitie-si-consum-in-horeca\\\/\",\"url\":\"https:\\\/\\\/research.hospitalityculture.ro\\\/produs\\\/momentele-de-impartasire-comportament-de-achizitie-si-consum-in-horeca\\\/\",\"name\":\"Momentele de \u00eemp\u0103rt\u0103\u0219ire - Comportament de achizi\u021bie \u0219i consum in Horeca - Hospitality Culture Research\",\"isPartOf\":{\"@id\":\"https:\\\/\\\/research.hospitalityculture.ro\\\/#website\"},\"primaryImageOfPage\":{\"@id\":\"https:\\\/\\\/research.hospitalityculture.ro\\\/produs\\\/momentele-de-impartasire-comportament-de-achizitie-si-consum-in-horeca\\\/#primaryimage\"},\"image\":{\"@id\":\"https:\\\/\\\/research.hospitalityculture.ro\\\/produs\\\/momentele-de-impartasire-comportament-de-achizitie-si-consum-in-horeca\\\/#primaryimage\"},\"thumbnailUrl\":\"https:\\\/\\\/research.hospitalityculture.ro\\\/wp-content\\\/uploads\\\/2024\\\/11\\\/segmentare-ocazii-de-consum.jpg\",\"datePublished\":\"2024-12-02T07:40:15+00:00\",\"dateModified\":\"2024-12-02T07:43:56+00:00\",\"description\":\"Nevoia profund\u0103 este de a consolida sau \u00eembun\u0103t\u0103\u021bi rela\u021biile cu membrii familiei sau prietenii. Este mai mult despre conectarea cu cei dragi \u0219i mai pu\u021bin despre satisfacerea foamei. Luarea mesei \u00een afara casei, \u00een special \u00een restaurante standard, pare a fi o scuz\u0103 pentru a petrece timp de calitate al\u0103turi de cei apropia\u021bi. Acesta este motivul pentru care ambian\u021ba (\u00een special comportamentul personalului) r\u0103m\u00e2ne un criteriu important \u00een alegerea loca\u021biei \u0219i\\\/sau evaluarea experien\u021bei.\",\"breadcrumb\":{\"@id\":\"https:\\\/\\\/research.hospitalityculture.ro\\\/produs\\\/momentele-de-impartasire-comportament-de-achizitie-si-consum-in-horeca\\\/#breadcrumb\"},\"inLanguage\":\"ro-RO\",\"potentialAction\":[{\"@type\":\"ReadAction\",\"target\":[\"https:\\\/\\\/research.hospitalityculture.ro\\\/produs\\\/momentele-de-impartasire-comportament-de-achizitie-si-consum-in-horeca\\\/\"]}]},{\"@type\":\"ImageObject\",\"inLanguage\":\"ro-RO\",\"@id\":\"https:\\\/\\\/research.hospitalityculture.ro\\\/produs\\\/momentele-de-impartasire-comportament-de-achizitie-si-consum-in-horeca\\\/#primaryimage\",\"url\":\"https:\\\/\\\/research.hospitalityculture.ro\\\/wp-content\\\/uploads\\\/2024\\\/11\\\/segmentare-ocazii-de-consum.jpg\",\"contentUrl\":\"https:\\\/\\\/research.hospitalityculture.ro\\\/wp-content\\\/uploads\\\/2024\\\/11\\\/segmentare-ocazii-de-consum.jpg\",\"width\":1015,\"height\":696,\"caption\":\"Screenshot\"},{\"@type\":\"BreadcrumbList\",\"@id\":\"https:\\\/\\\/research.hospitalityculture.ro\\\/produs\\\/momentele-de-impartasire-comportament-de-achizitie-si-consum-in-horeca\\\/#breadcrumb\",\"itemListElement\":[{\"@type\":\"ListItem\",\"position\":1,\"name\":\"Prima pagin\u0103\",\"item\":\"https:\\\/\\\/research.hospitalityculture.ro\\\/\"},{\"@type\":\"ListItem\",\"position\":2,\"name\":\"Momentele de \u00eemp\u0103rt\u0103\u0219ire &#8211; Comportament de achizi\u021bie \u0219i consum in Horeca\"}]},{\"@type\":\"WebSite\",\"@id\":\"https:\\\/\\\/research.hospitalityculture.ro\\\/#website\",\"url\":\"https:\\\/\\\/research.hospitalityculture.ro\\\/\",\"name\":\"Research Hospitality Culture\",\"description\":\"Date concrete din industria de foodservice\",\"publisher\":{\"@id\":\"https:\\\/\\\/research.hospitalityculture.ro\\\/#organization\"},\"potentialAction\":[{\"@type\":\"SearchAction\",\"target\":{\"@type\":\"EntryPoint\",\"urlTemplate\":\"https:\\\/\\\/research.hospitalityculture.ro\\\/?s={search_term_string}\"},\"query-input\":{\"@type\":\"PropertyValueSpecification\",\"valueRequired\":true,\"valueName\":\"search_term_string\"}}],\"inLanguage\":\"ro-RO\"},{\"@type\":\"Organization\",\"@id\":\"https:\\\/\\\/research.hospitalityculture.ro\\\/#organization\",\"name\":\"Research Hospitality Culture\",\"url\":\"https:\\\/\\\/research.hospitalityculture.ro\\\/\",\"logo\":{\"@type\":\"ImageObject\",\"inLanguage\":\"ro-RO\",\"@id\":\"https:\\\/\\\/research.hospitalityculture.ro\\\/#\\\/schema\\\/logo\\\/image\\\/\",\"url\":\"https:\\\/\\\/research.hospitalityculture.ro\\\/wp-content\\\/uploads\\\/2024\\\/09\\\/image-2.png\",\"contentUrl\":\"https:\\\/\\\/research.hospitalityculture.ro\\\/wp-content\\\/uploads\\\/2024\\\/09\\\/image-2.png\",\"width\":251,\"height\":115,\"caption\":\"Research Hospitality Culture\"},\"image\":{\"@id\":\"https:\\\/\\\/research.hospitalityculture.ro\\\/#\\\/schema\\\/logo\\\/image\\\/\"},\"sameAs\":[\"https:\\\/\\\/www.facebook.com\\\/hospitalityculture.ro\\\/\",\"https:\\\/\\\/www.linkedin.com\\\/company\\\/10910860\\\/\"]}]}<\/script>\n<!-- \/ Yoast SEO plugin. -->","yoast_head_json":{"title":"Momentele de \u00eemp\u0103rt\u0103\u0219ire - Comportament de achizi\u021bie \u0219i consum in Horeca - Hospitality Culture Research","description":"Nevoia profund\u0103 este de a consolida sau \u00eembun\u0103t\u0103\u021bi rela\u021biile cu membrii familiei sau prietenii. Este mai mult despre conectarea cu cei dragi \u0219i mai pu\u021bin despre satisfacerea foamei. Luarea mesei \u00een afara casei, \u00een special \u00een restaurante standard, pare a fi o scuz\u0103 pentru a petrece timp de calitate al\u0103turi de cei apropia\u021bi. Acesta este motivul pentru care ambian\u021ba (\u00een special comportamentul personalului) r\u0103m\u00e2ne un criteriu important \u00een alegerea loca\u021biei \u0219i\/sau evaluarea experien\u021bei.","robots":{"index":"index","follow":"follow","max-snippet":"max-snippet:-1","max-image-preview":"max-image-preview:large","max-video-preview":"max-video-preview:-1"},"canonical":"https:\/\/research.hospitalityculture.ro\/produs\/momentele-de-impartasire-comportament-de-achizitie-si-consum-in-horeca\/","og_locale":"ro_RO","og_type":"article","og_title":"Momentele de \u00eemp\u0103rt\u0103\u0219ire - Comportament de achizi\u021bie \u0219i consum in Horeca - Hospitality Culture Research","og_description":"Nevoia profund\u0103 este de a consolida sau \u00eembun\u0103t\u0103\u021bi rela\u021biile cu membrii familiei sau prietenii. Este mai mult despre conectarea cu cei dragi \u0219i mai pu\u021bin despre satisfacerea foamei. Luarea mesei \u00een afara casei, \u00een special \u00een restaurante standard, pare a fi o scuz\u0103 pentru a petrece timp de calitate al\u0103turi de cei apropia\u021bi. Acesta este motivul pentru care ambian\u021ba (\u00een special comportamentul personalului) r\u0103m\u00e2ne un criteriu important \u00een alegerea loca\u021biei \u0219i\/sau evaluarea experien\u021bei.","og_url":"https:\/\/research.hospitalityculture.ro\/produs\/momentele-de-impartasire-comportament-de-achizitie-si-consum-in-horeca\/","og_site_name":"Hospitality Culture Research","article_publisher":"https:\/\/www.facebook.com\/hospitalityculture.ro\/","article_modified_time":"2024-12-02T07:43:56+00:00","og_image":[{"width":1015,"height":696,"url":"https:\/\/research.hospitalityculture.ro\/wp-content\/uploads\/2024\/11\/segmentare-ocazii-de-consum.jpg","type":"image\/jpeg"}],"twitter_card":"summary_large_image","twitter_misc":{"Timp estimat pentru citire":"1 minut"},"schema":{"@context":"https:\/\/schema.org","@graph":[{"@type":"WebPage","@id":"https:\/\/research.hospitalityculture.ro\/produs\/momentele-de-impartasire-comportament-de-achizitie-si-consum-in-horeca\/","url":"https:\/\/research.hospitalityculture.ro\/produs\/momentele-de-impartasire-comportament-de-achizitie-si-consum-in-horeca\/","name":"Momentele de \u00eemp\u0103rt\u0103\u0219ire - Comportament de achizi\u021bie \u0219i consum in Horeca - Hospitality Culture Research","isPartOf":{"@id":"https:\/\/research.hospitalityculture.ro\/#website"},"primaryImageOfPage":{"@id":"https:\/\/research.hospitalityculture.ro\/produs\/momentele-de-impartasire-comportament-de-achizitie-si-consum-in-horeca\/#primaryimage"},"image":{"@id":"https:\/\/research.hospitalityculture.ro\/produs\/momentele-de-impartasire-comportament-de-achizitie-si-consum-in-horeca\/#primaryimage"},"thumbnailUrl":"https:\/\/research.hospitalityculture.ro\/wp-content\/uploads\/2024\/11\/segmentare-ocazii-de-consum.jpg","datePublished":"2024-12-02T07:40:15+00:00","dateModified":"2024-12-02T07:43:56+00:00","description":"Nevoia profund\u0103 este de a consolida sau \u00eembun\u0103t\u0103\u021bi rela\u021biile cu membrii familiei sau prietenii. Este mai mult despre conectarea cu cei dragi \u0219i mai pu\u021bin despre satisfacerea foamei. Luarea mesei \u00een afara casei, \u00een special \u00een restaurante standard, pare a fi o scuz\u0103 pentru a petrece timp de calitate al\u0103turi de cei apropia\u021bi. Acesta este motivul pentru care ambian\u021ba (\u00een special comportamentul personalului) r\u0103m\u00e2ne un criteriu important \u00een alegerea loca\u021biei \u0219i\/sau evaluarea experien\u021bei.","breadcrumb":{"@id":"https:\/\/research.hospitalityculture.ro\/produs\/momentele-de-impartasire-comportament-de-achizitie-si-consum-in-horeca\/#breadcrumb"},"inLanguage":"ro-RO","potentialAction":[{"@type":"ReadAction","target":["https:\/\/research.hospitalityculture.ro\/produs\/momentele-de-impartasire-comportament-de-achizitie-si-consum-in-horeca\/"]}]},{"@type":"ImageObject","inLanguage":"ro-RO","@id":"https:\/\/research.hospitalityculture.ro\/produs\/momentele-de-impartasire-comportament-de-achizitie-si-consum-in-horeca\/#primaryimage","url":"https:\/\/research.hospitalityculture.ro\/wp-content\/uploads\/2024\/11\/segmentare-ocazii-de-consum.jpg","contentUrl":"https:\/\/research.hospitalityculture.ro\/wp-content\/uploads\/2024\/11\/segmentare-ocazii-de-consum.jpg","width":1015,"height":696,"caption":"Screenshot"},{"@type":"BreadcrumbList","@id":"https:\/\/research.hospitalityculture.ro\/produs\/momentele-de-impartasire-comportament-de-achizitie-si-consum-in-horeca\/#breadcrumb","itemListElement":[{"@type":"ListItem","position":1,"name":"Prima pagin\u0103","item":"https:\/\/research.hospitalityculture.ro\/"},{"@type":"ListItem","position":2,"name":"Momentele de \u00eemp\u0103rt\u0103\u0219ire &#8211; Comportament de achizi\u021bie \u0219i consum in Horeca"}]},{"@type":"WebSite","@id":"https:\/\/research.hospitalityculture.ro\/#website","url":"https:\/\/research.hospitalityculture.ro\/","name":"Research Hospitality Culture","description":"Date concrete din industria de foodservice","publisher":{"@id":"https:\/\/research.hospitalityculture.ro\/#organization"},"potentialAction":[{"@type":"SearchAction","target":{"@type":"EntryPoint","urlTemplate":"https:\/\/research.hospitalityculture.ro\/?s={search_term_string}"},"query-input":{"@type":"PropertyValueSpecification","valueRequired":true,"valueName":"search_term_string"}}],"inLanguage":"ro-RO"},{"@type":"Organization","@id":"https:\/\/research.hospitalityculture.ro\/#organization","name":"Research Hospitality Culture","url":"https:\/\/research.hospitalityculture.ro\/","logo":{"@type":"ImageObject","inLanguage":"ro-RO","@id":"https:\/\/research.hospitalityculture.ro\/#\/schema\/logo\/image\/","url":"https:\/\/research.hospitalityculture.ro\/wp-content\/uploads\/2024\/09\/image-2.png","contentUrl":"https:\/\/research.hospitalityculture.ro\/wp-content\/uploads\/2024\/09\/image-2.png","width":251,"height":115,"caption":"Research Hospitality Culture"},"image":{"@id":"https:\/\/research.hospitalityculture.ro\/#\/schema\/logo\/image\/"},"sameAs":["https:\/\/www.facebook.com\/hospitalityculture.ro\/","https:\/\/www.linkedin.com\/company\/10910860\/"]}]}},"_links":{"self":[{"href":"https:\/\/research.hospitalityculture.ro\/ro\/wp-json\/wp\/v2\/product\/2137","targetHints":{"allow":["GET"]}}],"collection":[{"href":"https:\/\/research.hospitalityculture.ro\/ro\/wp-json\/wp\/v2\/product"}],"about":[{"href":"https:\/\/research.hospitalityculture.ro\/ro\/wp-json\/wp\/v2\/types\/product"}],"replies":[{"embeddable":true,"href":"https:\/\/research.hospitalityculture.ro\/ro\/wp-json\/wp\/v2\/comments?post=2137"}],"wp:featuredmedia":[{"embeddable":true,"href":"https:\/\/research.hospitalityculture.ro\/ro\/wp-json\/wp\/v2\/media\/2107"}],"wp:attachment":[{"href":"https:\/\/research.hospitalityculture.ro\/ro\/wp-json\/wp\/v2\/media?parent=2137"}],"wp:term":[{"taxonomy":"product_brand","embeddable":true,"href":"https:\/\/research.hospitalityculture.ro\/ro\/wp-json\/wp\/v2\/product_brand?post=2137"},{"taxonomy":"product_cat","embeddable":true,"href":"https:\/\/research.hospitalityculture.ro\/ro\/wp-json\/wp\/v2\/product_cat?post=2137"},{"taxonomy":"product_tag","embeddable":true,"href":"https:\/\/research.hospitalityculture.ro\/ro\/wp-json\/wp\/v2\/product_tag?post=2137"}],"curies":[{"name":"wp","href":"https:\/\/api.w.org\/{rel}","templated":true}]}}