{"id":2089,"date":"2024-11-19T11:37:38","date_gmt":"2024-11-19T11:37:38","guid":{"rendered":"https:\/\/research.hospitalityculture.ro\/?post_type=product&#038;p=2089"},"modified":"2024-11-19T11:41:48","modified_gmt":"2024-11-19T11:41:48","slug":"studiu-consum-cafea-in-afara-casei-2024-aspecte-generale","status":"publish","type":"product","link":"https:\/\/research.hospitalityculture.ro\/ro\/produs\/studiu-consum-cafea-in-afara-casei-2024-aspecte-generale\/","title":{"rendered":"Studiu consum cafea in afara casei 2024 (aspecte generale)"},"content":{"rendered":"<p><strong>INTRODUCERE<\/strong><\/p>\n<p><strong>Context, Metodologie &amp; Public \u021bint\u0103<\/strong><\/p>\n<p><strong>REZULTATELE CERCET\u0102RII<\/strong><\/p>\n<p>Indicatorii macroeconomici in ceea ce priveste piata de cafea in afra casei, Horeca din Romania in 2024<\/p>\n<p><strong>ANEX\u0102<\/strong><\/p>\n<p><strong>Profil socio-demografic<\/strong><\/p>\n<ul>\n<li>B\u0103rba\u021bi \u0219i femei, 18-65 ani, din mediul urban, 10 ora\u0219e (Bucure\u0219ti, Timi\u0219oara, Cluj, Ia\u0219i, Bra\u0219ov, Constan\u021ba, Craiova, Gala\u021bi, Oradea, Ploie\u0219ti). Persoane care au cump\u0103rat cel pu\u021bin o cafea gata preparat\u0103 \u00een ultima lun\u0103.<\/li>\n<\/ul>\n<p><strong>E\u0219antion:<\/strong> N=800 interviuri (400 responden\u021bi din Bucure\u0219ti, 400 din provincie; marja maxim\u0103 de eroare: 4,9%)<br \/>\n<strong>Metoda de colectare a datelor:<\/strong> Telefon (Interviu telefonic asistat de calculator).<\/p>\n","protected":false},"excerpt":{"rendered":"<p>Descoper\u0103 aspectele generale ale consumului de cafea, incluz\u00e2nd frecven\u021ba consumului, tipurile de cafea preferate, criteriile de selec\u021bie, cafenelele preferate \u0219i momentele zilei dedicate consumului. Studiul acoper\u0103 \u0219i comportamentul la ultima ocazie de consum, profilul socio-demografic al consumatorilor din 10 ora\u0219e \u0219i tendin\u021bele generale din pia\u021b\u0103.<\/p>\n<p><strong>Canale monitorizate: cafenea, restaurant, bar, benzinarie, delivery, automat cafea, altele.<\/strong><\/p>\n","protected":false},"featured_media":1948,"comment_status":"open","ping_status":"closed","template":"","meta":[],"product_brand":[],"product_cat":[15],"product_tag":[],"class_list":{"0":"post-2089","1":"product","2":"type-product","3":"status-publish","4":"has-post-thumbnail","6":"product_cat-rapoarte","8":"first","9":"instock","10":"downloadable","11":"virtual","12":"purchasable","13":"product-type-simple"},"acf":[],"yoast_head":"<!-- This site is optimized with the Yoast SEO plugin v27.4 - https:\/\/yoast.com\/product\/yoast-seo-wordpress\/ -->\n<title>Studiu consum cafea in afara casei 2024 (aspecte generale) - Hospitality Culture Research<\/title>\n<meta name=\"description\" content=\"Descoper\u0103 aspectele generale ale consumului de cafea, incluz\u00e2nd frecven\u021ba consumului, tipurile de cafea preferate, criteriile de selec\u021bie, cafenelele preferate \u0219i momentele zilei dedicate consumului. Studiul acoper\u0103 \u0219i comportamentul la ultima ocazie de consum, profilul socio-demografic al consumatorilor din 10 ora\u0219e \u0219i tendin\u021bele generale din pia\u021b\u0103.\" \/>\n<meta name=\"robots\" content=\"index, follow, max-snippet:-1, max-image-preview:large, max-video-preview:-1\" \/>\n<link rel=\"canonical\" href=\"https:\/\/research.hospitalityculture.ro\/produs\/studiu-consum-cafea-in-afara-casei-2024-aspecte-generale\/\" \/>\n<meta property=\"og:locale\" content=\"ro_RO\" \/>\n<meta property=\"og:type\" content=\"article\" \/>\n<meta property=\"og:title\" content=\"Studiu consum cafea in afara casei 2024 (aspecte generale) - Hospitality Culture Research\" \/>\n<meta property=\"og:description\" content=\"Descoper\u0103 aspectele generale ale consumului de cafea, incluz\u00e2nd frecven\u021ba consumului, tipurile de cafea preferate, criteriile de selec\u021bie, cafenelele preferate \u0219i momentele zilei dedicate consumului. Studiul acoper\u0103 \u0219i comportamentul la ultima ocazie de consum, profilul socio-demografic al consumatorilor din 10 ora\u0219e \u0219i tendin\u021bele generale din pia\u021b\u0103.\" \/>\n<meta property=\"og:url\" content=\"https:\/\/research.hospitalityculture.ro\/produs\/studiu-consum-cafea-in-afara-casei-2024-aspecte-generale\/\" \/>\n<meta property=\"og:site_name\" content=\"Hospitality Culture Research\" \/>\n<meta property=\"article:publisher\" content=\"https:\/\/www.facebook.com\/hospitalityculture.ro\/\" \/>\n<meta property=\"article:modified_time\" content=\"2024-11-19T11:41:48+00:00\" \/>\n<meta property=\"og:image\" content=\"https:\/\/research.hospitalityculture.ro\/wp-content\/uploads\/2024\/08\/report1-photo.jpg\" \/>\n\t<meta property=\"og:image:width\" content=\"2137\" \/>\n\t<meta property=\"og:image:height\" content=\"1199\" \/>\n\t<meta property=\"og:image:type\" content=\"image\/jpeg\" \/>\n<meta name=\"twitter:card\" content=\"summary_large_image\" \/>\n<meta name=\"twitter:label1\" content=\"Timp estimat pentru citire\" \/>\n\t<meta name=\"twitter:data1\" content=\"1 minut\" \/>\n<script type=\"application\/ld+json\" class=\"yoast-schema-graph\">{\"@context\":\"https:\\\/\\\/schema.org\",\"@graph\":[{\"@type\":\"WebPage\",\"@id\":\"https:\\\/\\\/research.hospitalityculture.ro\\\/produs\\\/studiu-consum-cafea-in-afara-casei-2024-aspecte-generale\\\/\",\"url\":\"https:\\\/\\\/research.hospitalityculture.ro\\\/produs\\\/studiu-consum-cafea-in-afara-casei-2024-aspecte-generale\\\/\",\"name\":\"Studiu consum cafea in afara casei 2024 (aspecte generale) - Hospitality Culture Research\",\"isPartOf\":{\"@id\":\"https:\\\/\\\/research.hospitalityculture.ro\\\/#website\"},\"primaryImageOfPage\":{\"@id\":\"https:\\\/\\\/research.hospitalityculture.ro\\\/produs\\\/studiu-consum-cafea-in-afara-casei-2024-aspecte-generale\\\/#primaryimage\"},\"image\":{\"@id\":\"https:\\\/\\\/research.hospitalityculture.ro\\\/produs\\\/studiu-consum-cafea-in-afara-casei-2024-aspecte-generale\\\/#primaryimage\"},\"thumbnailUrl\":\"https:\\\/\\\/research.hospitalityculture.ro\\\/wp-content\\\/uploads\\\/2024\\\/08\\\/report1-photo.jpg\",\"datePublished\":\"2024-11-19T11:37:38+00:00\",\"dateModified\":\"2024-11-19T11:41:48+00:00\",\"description\":\"Descoper\u0103 aspectele generale ale consumului de cafea, incluz\u00e2nd frecven\u021ba consumului, tipurile de cafea preferate, criteriile de selec\u021bie, cafenelele preferate \u0219i momentele zilei dedicate consumului. Studiul acoper\u0103 \u0219i comportamentul la ultima ocazie de consum, profilul socio-demografic al consumatorilor din 10 ora\u0219e \u0219i tendin\u021bele generale din pia\u021b\u0103.\",\"breadcrumb\":{\"@id\":\"https:\\\/\\\/research.hospitalityculture.ro\\\/produs\\\/studiu-consum-cafea-in-afara-casei-2024-aspecte-generale\\\/#breadcrumb\"},\"inLanguage\":\"ro-RO\",\"potentialAction\":[{\"@type\":\"ReadAction\",\"target\":[\"https:\\\/\\\/research.hospitalityculture.ro\\\/produs\\\/studiu-consum-cafea-in-afara-casei-2024-aspecte-generale\\\/\"]}]},{\"@type\":\"ImageObject\",\"inLanguage\":\"ro-RO\",\"@id\":\"https:\\\/\\\/research.hospitalityculture.ro\\\/produs\\\/studiu-consum-cafea-in-afara-casei-2024-aspecte-generale\\\/#primaryimage\",\"url\":\"https:\\\/\\\/research.hospitalityculture.ro\\\/wp-content\\\/uploads\\\/2024\\\/08\\\/report1-photo.jpg\",\"contentUrl\":\"https:\\\/\\\/research.hospitalityculture.ro\\\/wp-content\\\/uploads\\\/2024\\\/08\\\/report1-photo.jpg\",\"width\":2137,\"height\":1199},{\"@type\":\"BreadcrumbList\",\"@id\":\"https:\\\/\\\/research.hospitalityculture.ro\\\/produs\\\/studiu-consum-cafea-in-afara-casei-2024-aspecte-generale\\\/#breadcrumb\",\"itemListElement\":[{\"@type\":\"ListItem\",\"position\":1,\"name\":\"Prima pagin\u0103\",\"item\":\"https:\\\/\\\/research.hospitalityculture.ro\\\/\"},{\"@type\":\"ListItem\",\"position\":2,\"name\":\"Studiu consum cafea in afara casei 2024 (aspecte generale)\"}]},{\"@type\":\"WebSite\",\"@id\":\"https:\\\/\\\/research.hospitalityculture.ro\\\/#website\",\"url\":\"https:\\\/\\\/research.hospitalityculture.ro\\\/\",\"name\":\"Research Hospitality Culture\",\"description\":\"Date concrete din industria de foodservice\",\"publisher\":{\"@id\":\"https:\\\/\\\/research.hospitalityculture.ro\\\/#organization\"},\"potentialAction\":[{\"@type\":\"SearchAction\",\"target\":{\"@type\":\"EntryPoint\",\"urlTemplate\":\"https:\\\/\\\/research.hospitalityculture.ro\\\/?s={search_term_string}\"},\"query-input\":{\"@type\":\"PropertyValueSpecification\",\"valueRequired\":true,\"valueName\":\"search_term_string\"}}],\"inLanguage\":\"ro-RO\"},{\"@type\":\"Organization\",\"@id\":\"https:\\\/\\\/research.hospitalityculture.ro\\\/#organization\",\"name\":\"Research Hospitality Culture\",\"url\":\"https:\\\/\\\/research.hospitalityculture.ro\\\/\",\"logo\":{\"@type\":\"ImageObject\",\"inLanguage\":\"ro-RO\",\"@id\":\"https:\\\/\\\/research.hospitalityculture.ro\\\/#\\\/schema\\\/logo\\\/image\\\/\",\"url\":\"https:\\\/\\\/research.hospitalityculture.ro\\\/wp-content\\\/uploads\\\/2024\\\/09\\\/image-2.png\",\"contentUrl\":\"https:\\\/\\\/research.hospitalityculture.ro\\\/wp-content\\\/uploads\\\/2024\\\/09\\\/image-2.png\",\"width\":251,\"height\":115,\"caption\":\"Research Hospitality Culture\"},\"image\":{\"@id\":\"https:\\\/\\\/research.hospitalityculture.ro\\\/#\\\/schema\\\/logo\\\/image\\\/\"},\"sameAs\":[\"https:\\\/\\\/www.facebook.com\\\/hospitalityculture.ro\\\/\",\"https:\\\/\\\/www.linkedin.com\\\/company\\\/10910860\\\/\"]}]}<\/script>\n<!-- \/ Yoast SEO plugin. -->","yoast_head_json":{"title":"Studiu consum cafea in afara casei 2024 (aspecte generale) - Hospitality Culture Research","description":"Descoper\u0103 aspectele generale ale consumului de cafea, incluz\u00e2nd frecven\u021ba consumului, tipurile de cafea preferate, criteriile de selec\u021bie, cafenelele preferate \u0219i momentele zilei dedicate consumului. Studiul acoper\u0103 \u0219i comportamentul la ultima ocazie de consum, profilul socio-demografic al consumatorilor din 10 ora\u0219e \u0219i tendin\u021bele generale din pia\u021b\u0103.","robots":{"index":"index","follow":"follow","max-snippet":"max-snippet:-1","max-image-preview":"max-image-preview:large","max-video-preview":"max-video-preview:-1"},"canonical":"https:\/\/research.hospitalityculture.ro\/produs\/studiu-consum-cafea-in-afara-casei-2024-aspecte-generale\/","og_locale":"ro_RO","og_type":"article","og_title":"Studiu consum cafea in afara casei 2024 (aspecte generale) - Hospitality Culture Research","og_description":"Descoper\u0103 aspectele generale ale consumului de cafea, incluz\u00e2nd frecven\u021ba consumului, tipurile de cafea preferate, criteriile de selec\u021bie, cafenelele preferate \u0219i momentele zilei dedicate consumului. Studiul acoper\u0103 \u0219i comportamentul la ultima ocazie de consum, profilul socio-demografic al consumatorilor din 10 ora\u0219e \u0219i tendin\u021bele generale din pia\u021b\u0103.","og_url":"https:\/\/research.hospitalityculture.ro\/produs\/studiu-consum-cafea-in-afara-casei-2024-aspecte-generale\/","og_site_name":"Hospitality Culture Research","article_publisher":"https:\/\/www.facebook.com\/hospitalityculture.ro\/","article_modified_time":"2024-11-19T11:41:48+00:00","og_image":[{"width":2137,"height":1199,"url":"https:\/\/research.hospitalityculture.ro\/wp-content\/uploads\/2024\/08\/report1-photo.jpg","type":"image\/jpeg"}],"twitter_card":"summary_large_image","twitter_misc":{"Timp estimat pentru citire":"1 minut"},"schema":{"@context":"https:\/\/schema.org","@graph":[{"@type":"WebPage","@id":"https:\/\/research.hospitalityculture.ro\/produs\/studiu-consum-cafea-in-afara-casei-2024-aspecte-generale\/","url":"https:\/\/research.hospitalityculture.ro\/produs\/studiu-consum-cafea-in-afara-casei-2024-aspecte-generale\/","name":"Studiu consum cafea in afara casei 2024 (aspecte generale) - Hospitality Culture Research","isPartOf":{"@id":"https:\/\/research.hospitalityculture.ro\/#website"},"primaryImageOfPage":{"@id":"https:\/\/research.hospitalityculture.ro\/produs\/studiu-consum-cafea-in-afara-casei-2024-aspecte-generale\/#primaryimage"},"image":{"@id":"https:\/\/research.hospitalityculture.ro\/produs\/studiu-consum-cafea-in-afara-casei-2024-aspecte-generale\/#primaryimage"},"thumbnailUrl":"https:\/\/research.hospitalityculture.ro\/wp-content\/uploads\/2024\/08\/report1-photo.jpg","datePublished":"2024-11-19T11:37:38+00:00","dateModified":"2024-11-19T11:41:48+00:00","description":"Descoper\u0103 aspectele generale ale consumului de cafea, incluz\u00e2nd frecven\u021ba consumului, tipurile de cafea preferate, criteriile de selec\u021bie, cafenelele preferate \u0219i momentele zilei dedicate consumului. Studiul acoper\u0103 \u0219i comportamentul la ultima ocazie de consum, profilul socio-demografic al consumatorilor din 10 ora\u0219e \u0219i tendin\u021bele generale din pia\u021b\u0103.","breadcrumb":{"@id":"https:\/\/research.hospitalityculture.ro\/produs\/studiu-consum-cafea-in-afara-casei-2024-aspecte-generale\/#breadcrumb"},"inLanguage":"ro-RO","potentialAction":[{"@type":"ReadAction","target":["https:\/\/research.hospitalityculture.ro\/produs\/studiu-consum-cafea-in-afara-casei-2024-aspecte-generale\/"]}]},{"@type":"ImageObject","inLanguage":"ro-RO","@id":"https:\/\/research.hospitalityculture.ro\/produs\/studiu-consum-cafea-in-afara-casei-2024-aspecte-generale\/#primaryimage","url":"https:\/\/research.hospitalityculture.ro\/wp-content\/uploads\/2024\/08\/report1-photo.jpg","contentUrl":"https:\/\/research.hospitalityculture.ro\/wp-content\/uploads\/2024\/08\/report1-photo.jpg","width":2137,"height":1199},{"@type":"BreadcrumbList","@id":"https:\/\/research.hospitalityculture.ro\/produs\/studiu-consum-cafea-in-afara-casei-2024-aspecte-generale\/#breadcrumb","itemListElement":[{"@type":"ListItem","position":1,"name":"Prima pagin\u0103","item":"https:\/\/research.hospitalityculture.ro\/"},{"@type":"ListItem","position":2,"name":"Studiu consum cafea in afara casei 2024 (aspecte generale)"}]},{"@type":"WebSite","@id":"https:\/\/research.hospitalityculture.ro\/#website","url":"https:\/\/research.hospitalityculture.ro\/","name":"Research Hospitality Culture","description":"Date concrete din industria de foodservice","publisher":{"@id":"https:\/\/research.hospitalityculture.ro\/#organization"},"potentialAction":[{"@type":"SearchAction","target":{"@type":"EntryPoint","urlTemplate":"https:\/\/research.hospitalityculture.ro\/?s={search_term_string}"},"query-input":{"@type":"PropertyValueSpecification","valueRequired":true,"valueName":"search_term_string"}}],"inLanguage":"ro-RO"},{"@type":"Organization","@id":"https:\/\/research.hospitalityculture.ro\/#organization","name":"Research Hospitality Culture","url":"https:\/\/research.hospitalityculture.ro\/","logo":{"@type":"ImageObject","inLanguage":"ro-RO","@id":"https:\/\/research.hospitalityculture.ro\/#\/schema\/logo\/image\/","url":"https:\/\/research.hospitalityculture.ro\/wp-content\/uploads\/2024\/09\/image-2.png","contentUrl":"https:\/\/research.hospitalityculture.ro\/wp-content\/uploads\/2024\/09\/image-2.png","width":251,"height":115,"caption":"Research Hospitality Culture"},"image":{"@id":"https:\/\/research.hospitalityculture.ro\/#\/schema\/logo\/image\/"},"sameAs":["https:\/\/www.facebook.com\/hospitalityculture.ro\/","https:\/\/www.linkedin.com\/company\/10910860\/"]}]}},"_links":{"self":[{"href":"https:\/\/research.hospitalityculture.ro\/ro\/wp-json\/wp\/v2\/product\/2089","targetHints":{"allow":["GET"]}}],"collection":[{"href":"https:\/\/research.hospitalityculture.ro\/ro\/wp-json\/wp\/v2\/product"}],"about":[{"href":"https:\/\/research.hospitalityculture.ro\/ro\/wp-json\/wp\/v2\/types\/product"}],"replies":[{"embeddable":true,"href":"https:\/\/research.hospitalityculture.ro\/ro\/wp-json\/wp\/v2\/comments?post=2089"}],"wp:featuredmedia":[{"embeddable":true,"href":"https:\/\/research.hospitalityculture.ro\/ro\/wp-json\/wp\/v2\/media\/1948"}],"wp:attachment":[{"href":"https:\/\/research.hospitalityculture.ro\/ro\/wp-json\/wp\/v2\/media?parent=2089"}],"wp:term":[{"taxonomy":"product_brand","embeddable":true,"href":"https:\/\/research.hospitalityculture.ro\/ro\/wp-json\/wp\/v2\/product_brand?post=2089"},{"taxonomy":"product_cat","embeddable":true,"href":"https:\/\/research.hospitalityculture.ro\/ro\/wp-json\/wp\/v2\/product_cat?post=2089"},{"taxonomy":"product_tag","embeddable":true,"href":"https:\/\/research.hospitalityculture.ro\/ro\/wp-json\/wp\/v2\/product_tag?post=2089"}],"curies":[{"name":"wp","href":"https:\/\/api.w.org\/{rel}","templated":true}]}}