{"id":2060,"date":"2024-11-18T13:28:09","date_gmt":"2024-11-18T13:28:09","guid":{"rendered":"https:\/\/research.hospitalityculture.ro\/?post_type=product&#038;p=2060"},"modified":"2024-11-19T08:14:45","modified_gmt":"2024-11-19T08:14:45","slug":"valoarea-bonului-horeca-2023","status":"publish","type":"product","link":"https:\/\/research.hospitalityculture.ro\/ro\/produs\/valoarea-bonului-horeca-2023\/","title":{"rendered":"Valoarea bonului in Horeca 2023"},"content":{"rendered":"<ul>\n<li>Acquisition value<\/li>\n<li>Trend acquisition value<\/li>\n<li class=\"p2\">Acquisition value, accumulated, general, per type of location<\/li>\n<li class=\"p1\">Acquisition value, per regions, per location type<\/li>\n<li class=\"p1\">Average value of shopping receipt, per person, in Lei<\/li>\n<\/ul>\n<p style=\"font-weight: 400;\">Target: 18+, 5 cities (Bucharest, Timisoara, Cluj, Iasi, Brasov). Individuals who have consumed coffee in the last month. Sample: N=800 interviews (400 respondents from Bucharest, 400 respondents from the Province; maximum sampling error: 4.9%) Data Collection Method: Telephone (Computer Assisted Telephone Interview)<\/p>\n","protected":false},"excerpt":{"rendered":"<p>Analizeaz\u0103 tendin\u021bele \u00een valoarea achizi\u021biilor, cu informa\u021bii detaliate despre datele cumulate \u0219i generale, \u00een func\u021bie de tipul loca\u021biei, regiuni \u0219i valoarea medie a bonurilor de cump\u0103r\u0103turi pe persoan\u0103, exprimat\u0103 \u00een lei. Exploreaz\u0103 defalc\u0103ri complete pentru a \u00een\u021belege comportamentele de cump\u0103rare.<\/p>\n<p><strong>Canale supuse cercetarii: Benzinarii, Cantina, Delivery, Delivery, Fast-food, Gastro\/Retail, KFC, Mc Donalds, Restaurant standard, Self pick-up.<\/strong><\/p>\n","protected":false},"featured_media":1566,"comment_status":"open","ping_status":"closed","template":"","meta":[],"product_brand":[],"product_cat":[15],"product_tag":[],"class_list":{"0":"post-2060","1":"product","2":"type-product","3":"status-publish","4":"has-post-thumbnail","6":"product_cat-rapoarte","8":"first","9":"instock","10":"downloadable","11":"virtual","12":"purchasable","13":"product-type-simple"},"acf":[],"yoast_head":"<!-- This site is optimized with the Yoast SEO plugin v27.4 - https:\/\/yoast.com\/product\/yoast-seo-wordpress\/ -->\n<title>Valoarea bonului in Horeca 2023 - Hospitality Culture Research<\/title>\n<meta name=\"description\" content=\"Analizeaz\u0103 tendin\u021bele \u00een valoarea achizi\u021biilor, cu informa\u021bii detaliate despre datele cumulate \u0219i generale, \u00een func\u021bie de tipul loca\u021biei, regiuni \u0219i valoarea medie a bonurilor de cump\u0103r\u0103turi pe persoan\u0103, exprimat\u0103 \u00een lei. Exploreaz\u0103 defalc\u0103ri complete pentru a \u00een\u021belege comportamentele de cump\u0103rare.\" \/>\n<meta name=\"robots\" content=\"index, follow, max-snippet:-1, max-image-preview:large, max-video-preview:-1\" \/>\n<link rel=\"canonical\" href=\"https:\/\/research.hospitalityculture.ro\/produs\/valoarea-bonului-horeca-2023\/\" \/>\n<meta property=\"og:locale\" content=\"ro_RO\" \/>\n<meta property=\"og:type\" content=\"article\" \/>\n<meta property=\"og:title\" content=\"Valoarea bonului in Horeca 2023 - Hospitality Culture Research\" \/>\n<meta property=\"og:description\" content=\"Analizeaz\u0103 tendin\u021bele \u00een valoarea achizi\u021biilor, cu informa\u021bii detaliate despre datele cumulate \u0219i generale, \u00een func\u021bie de tipul loca\u021biei, regiuni \u0219i valoarea medie a bonurilor de cump\u0103r\u0103turi pe persoan\u0103, exprimat\u0103 \u00een lei. Exploreaz\u0103 defalc\u0103ri complete pentru a \u00een\u021belege comportamentele de cump\u0103rare.\" \/>\n<meta property=\"og:url\" content=\"https:\/\/research.hospitalityculture.ro\/produs\/valoarea-bonului-horeca-2023\/\" \/>\n<meta property=\"og:site_name\" content=\"Hospitality Culture Research\" \/>\n<meta property=\"article:publisher\" content=\"https:\/\/www.facebook.com\/hospitalityculture.ro\/\" \/>\n<meta property=\"article:modified_time\" content=\"2024-11-19T08:14:45+00:00\" \/>\n<meta property=\"og:image\" content=\"https:\/\/research.hospitalityculture.ro\/wp-content\/uploads\/2024\/08\/RAPORT-fOOD-2021-04-400x225-1.jpg\" \/>\n\t<meta property=\"og:image:width\" content=\"400\" \/>\n\t<meta property=\"og:image:height\" content=\"225\" \/>\n\t<meta property=\"og:image:type\" content=\"image\/jpeg\" \/>\n<meta name=\"twitter:card\" content=\"summary_large_image\" \/>\n<meta name=\"twitter:label1\" content=\"Timp estimat pentru citire\" \/>\n\t<meta name=\"twitter:data1\" content=\"1 minut\" \/>\n<script type=\"application\/ld+json\" class=\"yoast-schema-graph\">{\"@context\":\"https:\\\/\\\/schema.org\",\"@graph\":[{\"@type\":\"WebPage\",\"@id\":\"https:\\\/\\\/research.hospitalityculture.ro\\\/produs\\\/valoarea-bonului-horeca-2023\\\/\",\"url\":\"https:\\\/\\\/research.hospitalityculture.ro\\\/produs\\\/valoarea-bonului-horeca-2023\\\/\",\"name\":\"Valoarea bonului in Horeca 2023 - Hospitality Culture Research\",\"isPartOf\":{\"@id\":\"https:\\\/\\\/research.hospitalityculture.ro\\\/#website\"},\"primaryImageOfPage\":{\"@id\":\"https:\\\/\\\/research.hospitalityculture.ro\\\/produs\\\/valoarea-bonului-horeca-2023\\\/#primaryimage\"},\"image\":{\"@id\":\"https:\\\/\\\/research.hospitalityculture.ro\\\/produs\\\/valoarea-bonului-horeca-2023\\\/#primaryimage\"},\"thumbnailUrl\":\"https:\\\/\\\/research.hospitalityculture.ro\\\/wp-content\\\/uploads\\\/2024\\\/08\\\/RAPORT-fOOD-2021-04-400x225-1.jpg\",\"datePublished\":\"2024-11-18T13:28:09+00:00\",\"dateModified\":\"2024-11-19T08:14:45+00:00\",\"description\":\"Analizeaz\u0103 tendin\u021bele \u00een valoarea achizi\u021biilor, cu informa\u021bii detaliate despre datele cumulate \u0219i generale, \u00een func\u021bie de tipul loca\u021biei, regiuni \u0219i valoarea medie a bonurilor de cump\u0103r\u0103turi pe persoan\u0103, exprimat\u0103 \u00een lei. Exploreaz\u0103 defalc\u0103ri complete pentru a \u00een\u021belege comportamentele de cump\u0103rare.\",\"breadcrumb\":{\"@id\":\"https:\\\/\\\/research.hospitalityculture.ro\\\/produs\\\/valoarea-bonului-horeca-2023\\\/#breadcrumb\"},\"inLanguage\":\"ro-RO\",\"potentialAction\":[{\"@type\":\"ReadAction\",\"target\":[\"https:\\\/\\\/research.hospitalityculture.ro\\\/produs\\\/valoarea-bonului-horeca-2023\\\/\"]}]},{\"@type\":\"ImageObject\",\"inLanguage\":\"ro-RO\",\"@id\":\"https:\\\/\\\/research.hospitalityculture.ro\\\/produs\\\/valoarea-bonului-horeca-2023\\\/#primaryimage\",\"url\":\"https:\\\/\\\/research.hospitalityculture.ro\\\/wp-content\\\/uploads\\\/2024\\\/08\\\/RAPORT-fOOD-2021-04-400x225-1.jpg\",\"contentUrl\":\"https:\\\/\\\/research.hospitalityculture.ro\\\/wp-content\\\/uploads\\\/2024\\\/08\\\/RAPORT-fOOD-2021-04-400x225-1.jpg\",\"width\":400,\"height\":225},{\"@type\":\"BreadcrumbList\",\"@id\":\"https:\\\/\\\/research.hospitalityculture.ro\\\/produs\\\/valoarea-bonului-horeca-2023\\\/#breadcrumb\",\"itemListElement\":[{\"@type\":\"ListItem\",\"position\":1,\"name\":\"Prima pagin\u0103\",\"item\":\"https:\\\/\\\/research.hospitalityculture.ro\\\/\"},{\"@type\":\"ListItem\",\"position\":2,\"name\":\"Valoarea bonului in Horeca 2023\"}]},{\"@type\":\"WebSite\",\"@id\":\"https:\\\/\\\/research.hospitalityculture.ro\\\/#website\",\"url\":\"https:\\\/\\\/research.hospitalityculture.ro\\\/\",\"name\":\"Research Hospitality Culture\",\"description\":\"Date concrete din industria de foodservice\",\"publisher\":{\"@id\":\"https:\\\/\\\/research.hospitalityculture.ro\\\/#organization\"},\"potentialAction\":[{\"@type\":\"SearchAction\",\"target\":{\"@type\":\"EntryPoint\",\"urlTemplate\":\"https:\\\/\\\/research.hospitalityculture.ro\\\/?s={search_term_string}\"},\"query-input\":{\"@type\":\"PropertyValueSpecification\",\"valueRequired\":true,\"valueName\":\"search_term_string\"}}],\"inLanguage\":\"ro-RO\"},{\"@type\":\"Organization\",\"@id\":\"https:\\\/\\\/research.hospitalityculture.ro\\\/#organization\",\"name\":\"Research Hospitality Culture\",\"url\":\"https:\\\/\\\/research.hospitalityculture.ro\\\/\",\"logo\":{\"@type\":\"ImageObject\",\"inLanguage\":\"ro-RO\",\"@id\":\"https:\\\/\\\/research.hospitalityculture.ro\\\/#\\\/schema\\\/logo\\\/image\\\/\",\"url\":\"https:\\\/\\\/research.hospitalityculture.ro\\\/wp-content\\\/uploads\\\/2024\\\/09\\\/image-2.png\",\"contentUrl\":\"https:\\\/\\\/research.hospitalityculture.ro\\\/wp-content\\\/uploads\\\/2024\\\/09\\\/image-2.png\",\"width\":251,\"height\":115,\"caption\":\"Research Hospitality Culture\"},\"image\":{\"@id\":\"https:\\\/\\\/research.hospitalityculture.ro\\\/#\\\/schema\\\/logo\\\/image\\\/\"},\"sameAs\":[\"https:\\\/\\\/www.facebook.com\\\/hospitalityculture.ro\\\/\",\"https:\\\/\\\/www.linkedin.com\\\/company\\\/10910860\\\/\"]}]}<\/script>\n<!-- \/ Yoast SEO plugin. -->","yoast_head_json":{"title":"Valoarea bonului in Horeca 2023 - Hospitality Culture Research","description":"Analizeaz\u0103 tendin\u021bele \u00een valoarea achizi\u021biilor, cu informa\u021bii detaliate despre datele cumulate \u0219i generale, \u00een func\u021bie de tipul loca\u021biei, regiuni \u0219i valoarea medie a bonurilor de cump\u0103r\u0103turi pe persoan\u0103, exprimat\u0103 \u00een lei. Exploreaz\u0103 defalc\u0103ri complete pentru a \u00een\u021belege comportamentele de cump\u0103rare.","robots":{"index":"index","follow":"follow","max-snippet":"max-snippet:-1","max-image-preview":"max-image-preview:large","max-video-preview":"max-video-preview:-1"},"canonical":"https:\/\/research.hospitalityculture.ro\/produs\/valoarea-bonului-horeca-2023\/","og_locale":"ro_RO","og_type":"article","og_title":"Valoarea bonului in Horeca 2023 - Hospitality Culture Research","og_description":"Analizeaz\u0103 tendin\u021bele \u00een valoarea achizi\u021biilor, cu informa\u021bii detaliate despre datele cumulate \u0219i generale, \u00een func\u021bie de tipul loca\u021biei, regiuni \u0219i valoarea medie a bonurilor de cump\u0103r\u0103turi pe persoan\u0103, exprimat\u0103 \u00een lei. Exploreaz\u0103 defalc\u0103ri complete pentru a \u00een\u021belege comportamentele de cump\u0103rare.","og_url":"https:\/\/research.hospitalityculture.ro\/produs\/valoarea-bonului-horeca-2023\/","og_site_name":"Hospitality Culture Research","article_publisher":"https:\/\/www.facebook.com\/hospitalityculture.ro\/","article_modified_time":"2024-11-19T08:14:45+00:00","og_image":[{"width":400,"height":225,"url":"https:\/\/research.hospitalityculture.ro\/wp-content\/uploads\/2024\/08\/RAPORT-fOOD-2021-04-400x225-1.jpg","type":"image\/jpeg"}],"twitter_card":"summary_large_image","twitter_misc":{"Timp estimat pentru citire":"1 minut"},"schema":{"@context":"https:\/\/schema.org","@graph":[{"@type":"WebPage","@id":"https:\/\/research.hospitalityculture.ro\/produs\/valoarea-bonului-horeca-2023\/","url":"https:\/\/research.hospitalityculture.ro\/produs\/valoarea-bonului-horeca-2023\/","name":"Valoarea bonului in Horeca 2023 - Hospitality Culture Research","isPartOf":{"@id":"https:\/\/research.hospitalityculture.ro\/#website"},"primaryImageOfPage":{"@id":"https:\/\/research.hospitalityculture.ro\/produs\/valoarea-bonului-horeca-2023\/#primaryimage"},"image":{"@id":"https:\/\/research.hospitalityculture.ro\/produs\/valoarea-bonului-horeca-2023\/#primaryimage"},"thumbnailUrl":"https:\/\/research.hospitalityculture.ro\/wp-content\/uploads\/2024\/08\/RAPORT-fOOD-2021-04-400x225-1.jpg","datePublished":"2024-11-18T13:28:09+00:00","dateModified":"2024-11-19T08:14:45+00:00","description":"Analizeaz\u0103 tendin\u021bele \u00een valoarea achizi\u021biilor, cu informa\u021bii detaliate despre datele cumulate \u0219i generale, \u00een func\u021bie de tipul loca\u021biei, regiuni \u0219i valoarea medie a bonurilor de cump\u0103r\u0103turi pe persoan\u0103, exprimat\u0103 \u00een lei. Exploreaz\u0103 defalc\u0103ri complete pentru a \u00een\u021belege comportamentele de cump\u0103rare.","breadcrumb":{"@id":"https:\/\/research.hospitalityculture.ro\/produs\/valoarea-bonului-horeca-2023\/#breadcrumb"},"inLanguage":"ro-RO","potentialAction":[{"@type":"ReadAction","target":["https:\/\/research.hospitalityculture.ro\/produs\/valoarea-bonului-horeca-2023\/"]}]},{"@type":"ImageObject","inLanguage":"ro-RO","@id":"https:\/\/research.hospitalityculture.ro\/produs\/valoarea-bonului-horeca-2023\/#primaryimage","url":"https:\/\/research.hospitalityculture.ro\/wp-content\/uploads\/2024\/08\/RAPORT-fOOD-2021-04-400x225-1.jpg","contentUrl":"https:\/\/research.hospitalityculture.ro\/wp-content\/uploads\/2024\/08\/RAPORT-fOOD-2021-04-400x225-1.jpg","width":400,"height":225},{"@type":"BreadcrumbList","@id":"https:\/\/research.hospitalityculture.ro\/produs\/valoarea-bonului-horeca-2023\/#breadcrumb","itemListElement":[{"@type":"ListItem","position":1,"name":"Prima pagin\u0103","item":"https:\/\/research.hospitalityculture.ro\/"},{"@type":"ListItem","position":2,"name":"Valoarea bonului in Horeca 2023"}]},{"@type":"WebSite","@id":"https:\/\/research.hospitalityculture.ro\/#website","url":"https:\/\/research.hospitalityculture.ro\/","name":"Research Hospitality Culture","description":"Date concrete din industria de foodservice","publisher":{"@id":"https:\/\/research.hospitalityculture.ro\/#organization"},"potentialAction":[{"@type":"SearchAction","target":{"@type":"EntryPoint","urlTemplate":"https:\/\/research.hospitalityculture.ro\/?s={search_term_string}"},"query-input":{"@type":"PropertyValueSpecification","valueRequired":true,"valueName":"search_term_string"}}],"inLanguage":"ro-RO"},{"@type":"Organization","@id":"https:\/\/research.hospitalityculture.ro\/#organization","name":"Research Hospitality Culture","url":"https:\/\/research.hospitalityculture.ro\/","logo":{"@type":"ImageObject","inLanguage":"ro-RO","@id":"https:\/\/research.hospitalityculture.ro\/#\/schema\/logo\/image\/","url":"https:\/\/research.hospitalityculture.ro\/wp-content\/uploads\/2024\/09\/image-2.png","contentUrl":"https:\/\/research.hospitalityculture.ro\/wp-content\/uploads\/2024\/09\/image-2.png","width":251,"height":115,"caption":"Research Hospitality Culture"},"image":{"@id":"https:\/\/research.hospitalityculture.ro\/#\/schema\/logo\/image\/"},"sameAs":["https:\/\/www.facebook.com\/hospitalityculture.ro\/","https:\/\/www.linkedin.com\/company\/10910860\/"]}]}},"_links":{"self":[{"href":"https:\/\/research.hospitalityculture.ro\/ro\/wp-json\/wp\/v2\/product\/2060","targetHints":{"allow":["GET"]}}],"collection":[{"href":"https:\/\/research.hospitalityculture.ro\/ro\/wp-json\/wp\/v2\/product"}],"about":[{"href":"https:\/\/research.hospitalityculture.ro\/ro\/wp-json\/wp\/v2\/types\/product"}],"replies":[{"embeddable":true,"href":"https:\/\/research.hospitalityculture.ro\/ro\/wp-json\/wp\/v2\/comments?post=2060"}],"wp:featuredmedia":[{"embeddable":true,"href":"https:\/\/research.hospitalityculture.ro\/ro\/wp-json\/wp\/v2\/media\/1566"}],"wp:attachment":[{"href":"https:\/\/research.hospitalityculture.ro\/ro\/wp-json\/wp\/v2\/media?parent=2060"}],"wp:term":[{"taxonomy":"product_brand","embeddable":true,"href":"https:\/\/research.hospitalityculture.ro\/ro\/wp-json\/wp\/v2\/product_brand?post=2060"},{"taxonomy":"product_cat","embeddable":true,"href":"https:\/\/research.hospitalityculture.ro\/ro\/wp-json\/wp\/v2\/product_cat?post=2060"},{"taxonomy":"product_tag","embeddable":true,"href":"https:\/\/research.hospitalityculture.ro\/ro\/wp-json\/wp\/v2\/product_tag?post=2060"}],"curies":[{"name":"wp","href":"https:\/\/api.w.org\/{rel}","templated":true}]}}