{"id":2056,"date":"2024-11-18T13:18:36","date_gmt":"2024-11-18T13:18:36","guid":{"rendered":"https:\/\/research.hospitalityculture.ro\/?post_type=product&#038;p=2056"},"modified":"2024-11-19T12:23:58","modified_gmt":"2024-11-19T12:23:58","slug":"studiu-piata-delivery-horeca-foodservice-2023","status":"publish","type":"product","link":"https:\/\/research.hospitalityculture.ro\/ro\/produs\/studiu-piata-delivery-horeca-foodservice-2023\/","title":{"rendered":"Delivery &#8211; studiu de piata Horeca foodservice 2023"},"content":{"rendered":"<p style=\"font-weight: 400;\">Delivery<\/p>\n<ul>\n<li>Ranking of delivery agregators<\/li>\n<li style=\"font-weight: 400;\">Usage of delivery services<\/li>\n<li style=\"font-weight: 400;\">Trend &#8211; Usage of delivery services<\/li>\n<li style=\"font-weight: 400;\">Delivery locations<\/li>\n<li style=\"font-weight: 400;\">Methods of ordering food home\/work<\/li>\n<li style=\"font-weight: 400;\">Mobile app of ordering food home\/work<\/li>\n<li style=\"font-weight: 400;\">General Interaction with the deliverer &#8211; importance<\/li>\n<li style=\"font-weight: 400;\">Buying habits<\/li>\n<\/ul>\n<p style=\"font-weight: 400;\">Target: 18+, 5 cities (Bucharest, Timisoara, Cluj, Iasi, Brasov). Individuals who have consumed cooked food in the last month. Sample: N=800 interviews (400 respondents from Bucharest, 400 respondents from the Province; maximum sampling error: 4.9%) Data Collection Method: Telephone (Computer Assisted Telephone Interview)<\/p>\n","protected":false},"excerpt":{"rendered":"<p>Exploreaz\u0103 tendin\u021bele serviciilor de livrare \u0219i comportamentul consumatorilor din Rom\u00e2nia. Raportul acoper\u0103 metodele de comand\u0103, loca\u021biile de livrare, preferin\u021bele \u0219i interac\u021biunile cu curierii. Achizi\u021bioneaz\u0103 acum pentru informa\u021bii detaliate despre pia\u021ba de livr\u0103ri.<\/p>\n","protected":false},"featured_media":1964,"comment_status":"open","ping_status":"closed","template":"","meta":[],"product_brand":[],"product_cat":[15],"product_tag":[],"class_list":{"0":"post-2056","1":"product","2":"type-product","3":"status-publish","4":"has-post-thumbnail","6":"product_cat-rapoarte","8":"first","9":"instock","10":"downloadable","11":"virtual","12":"purchasable","13":"product-type-simple"},"acf":[],"yoast_head":"<!-- This site is optimized with the Yoast SEO plugin v27.4 - https:\/\/yoast.com\/product\/yoast-seo-wordpress\/ -->\n<title>Delivery - studiu de piata Horeca foodservice 2023 - Hospitality Culture Research<\/title>\n<meta name=\"description\" content=\"Exploreaz\u0103 tendin\u021bele serviciilor de livrare \u0219i comportamentul consumatorilor din Rom\u00e2nia. Raportul acoper\u0103 metodele de comand\u0103, loca\u021biile de livrare, preferin\u021bele \u0219i interac\u021biunile cu curierii. Achizi\u021bioneaz\u0103 acum pentru informa\u021bii detaliate despre pia\u021ba de livr\u0103ri.\" \/>\n<meta name=\"robots\" content=\"index, follow, max-snippet:-1, max-image-preview:large, max-video-preview:-1\" \/>\n<link rel=\"canonical\" href=\"https:\/\/research.hospitalityculture.ro\/produs\/studiu-piata-delivery-horeca-foodservice-2023\/\" \/>\n<meta property=\"og:locale\" content=\"ro_RO\" \/>\n<meta property=\"og:type\" content=\"article\" \/>\n<meta property=\"og:title\" content=\"Delivery - studiu de piata Horeca foodservice 2023 - Hospitality Culture Research\" \/>\n<meta property=\"og:description\" content=\"Exploreaz\u0103 tendin\u021bele serviciilor de livrare \u0219i comportamentul consumatorilor din Rom\u00e2nia. Raportul acoper\u0103 metodele de comand\u0103, loca\u021biile de livrare, preferin\u021bele \u0219i interac\u021biunile cu curierii. Achizi\u021bioneaz\u0103 acum pentru informa\u021bii detaliate despre pia\u021ba de livr\u0103ri.\" \/>\n<meta property=\"og:url\" content=\"https:\/\/research.hospitalityculture.ro\/produs\/studiu-piata-delivery-horeca-foodservice-2023\/\" \/>\n<meta property=\"og:site_name\" content=\"Hospitality Culture Research\" \/>\n<meta property=\"article:publisher\" content=\"https:\/\/www.facebook.com\/hospitalityculture.ro\/\" \/>\n<meta property=\"article:modified_time\" content=\"2024-11-19T12:23:58+00:00\" \/>\n<meta property=\"og:image\" content=\"https:\/\/research.hospitalityculture.ro\/wp-content\/uploads\/2024\/09\/report2-photo1.jpg\" \/>\n\t<meta property=\"og:image:width\" content=\"1742\" \/>\n\t<meta property=\"og:image:height\" content=\"1318\" \/>\n\t<meta property=\"og:image:type\" content=\"image\/jpeg\" \/>\n<meta name=\"twitter:card\" content=\"summary_large_image\" \/>\n<meta name=\"twitter:label1\" content=\"Timp estimat pentru citire\" \/>\n\t<meta name=\"twitter:data1\" content=\"1 minut\" \/>\n<script type=\"application\/ld+json\" class=\"yoast-schema-graph\">{\"@context\":\"https:\\\/\\\/schema.org\",\"@graph\":[{\"@type\":\"WebPage\",\"@id\":\"https:\\\/\\\/research.hospitalityculture.ro\\\/produs\\\/studiu-piata-delivery-horeca-foodservice-2023\\\/\",\"url\":\"https:\\\/\\\/research.hospitalityculture.ro\\\/produs\\\/studiu-piata-delivery-horeca-foodservice-2023\\\/\",\"name\":\"Delivery - studiu de piata Horeca foodservice 2023 - Hospitality Culture Research\",\"isPartOf\":{\"@id\":\"https:\\\/\\\/research.hospitalityculture.ro\\\/#website\"},\"primaryImageOfPage\":{\"@id\":\"https:\\\/\\\/research.hospitalityculture.ro\\\/produs\\\/studiu-piata-delivery-horeca-foodservice-2023\\\/#primaryimage\"},\"image\":{\"@id\":\"https:\\\/\\\/research.hospitalityculture.ro\\\/produs\\\/studiu-piata-delivery-horeca-foodservice-2023\\\/#primaryimage\"},\"thumbnailUrl\":\"https:\\\/\\\/research.hospitalityculture.ro\\\/wp-content\\\/uploads\\\/2024\\\/09\\\/report2-photo1.jpg\",\"datePublished\":\"2024-11-18T13:18:36+00:00\",\"dateModified\":\"2024-11-19T12:23:58+00:00\",\"description\":\"Exploreaz\u0103 tendin\u021bele serviciilor de livrare \u0219i comportamentul consumatorilor din Rom\u00e2nia. Raportul acoper\u0103 metodele de comand\u0103, loca\u021biile de livrare, preferin\u021bele \u0219i interac\u021biunile cu curierii. Achizi\u021bioneaz\u0103 acum pentru informa\u021bii detaliate despre pia\u021ba de livr\u0103ri.\",\"breadcrumb\":{\"@id\":\"https:\\\/\\\/research.hospitalityculture.ro\\\/produs\\\/studiu-piata-delivery-horeca-foodservice-2023\\\/#breadcrumb\"},\"inLanguage\":\"ro-RO\",\"potentialAction\":[{\"@type\":\"ReadAction\",\"target\":[\"https:\\\/\\\/research.hospitalityculture.ro\\\/produs\\\/studiu-piata-delivery-horeca-foodservice-2023\\\/\"]}]},{\"@type\":\"ImageObject\",\"inLanguage\":\"ro-RO\",\"@id\":\"https:\\\/\\\/research.hospitalityculture.ro\\\/produs\\\/studiu-piata-delivery-horeca-foodservice-2023\\\/#primaryimage\",\"url\":\"https:\\\/\\\/research.hospitalityculture.ro\\\/wp-content\\\/uploads\\\/2024\\\/09\\\/report2-photo1.jpg\",\"contentUrl\":\"https:\\\/\\\/research.hospitalityculture.ro\\\/wp-content\\\/uploads\\\/2024\\\/09\\\/report2-photo1.jpg\",\"width\":1742,\"height\":1318},{\"@type\":\"BreadcrumbList\",\"@id\":\"https:\\\/\\\/research.hospitalityculture.ro\\\/produs\\\/studiu-piata-delivery-horeca-foodservice-2023\\\/#breadcrumb\",\"itemListElement\":[{\"@type\":\"ListItem\",\"position\":1,\"name\":\"Prima pagin\u0103\",\"item\":\"https:\\\/\\\/research.hospitalityculture.ro\\\/\"},{\"@type\":\"ListItem\",\"position\":2,\"name\":\"Delivery &#8211; studiu de piata Horeca foodservice 2023\"}]},{\"@type\":\"WebSite\",\"@id\":\"https:\\\/\\\/research.hospitalityculture.ro\\\/#website\",\"url\":\"https:\\\/\\\/research.hospitalityculture.ro\\\/\",\"name\":\"Research Hospitality Culture\",\"description\":\"Date concrete din industria de foodservice\",\"publisher\":{\"@id\":\"https:\\\/\\\/research.hospitalityculture.ro\\\/#organization\"},\"potentialAction\":[{\"@type\":\"SearchAction\",\"target\":{\"@type\":\"EntryPoint\",\"urlTemplate\":\"https:\\\/\\\/research.hospitalityculture.ro\\\/?s={search_term_string}\"},\"query-input\":{\"@type\":\"PropertyValueSpecification\",\"valueRequired\":true,\"valueName\":\"search_term_string\"}}],\"inLanguage\":\"ro-RO\"},{\"@type\":\"Organization\",\"@id\":\"https:\\\/\\\/research.hospitalityculture.ro\\\/#organization\",\"name\":\"Research Hospitality Culture\",\"url\":\"https:\\\/\\\/research.hospitalityculture.ro\\\/\",\"logo\":{\"@type\":\"ImageObject\",\"inLanguage\":\"ro-RO\",\"@id\":\"https:\\\/\\\/research.hospitalityculture.ro\\\/#\\\/schema\\\/logo\\\/image\\\/\",\"url\":\"https:\\\/\\\/research.hospitalityculture.ro\\\/wp-content\\\/uploads\\\/2024\\\/09\\\/image-2.png\",\"contentUrl\":\"https:\\\/\\\/research.hospitalityculture.ro\\\/wp-content\\\/uploads\\\/2024\\\/09\\\/image-2.png\",\"width\":251,\"height\":115,\"caption\":\"Research Hospitality Culture\"},\"image\":{\"@id\":\"https:\\\/\\\/research.hospitalityculture.ro\\\/#\\\/schema\\\/logo\\\/image\\\/\"},\"sameAs\":[\"https:\\\/\\\/www.facebook.com\\\/hospitalityculture.ro\\\/\",\"https:\\\/\\\/www.linkedin.com\\\/company\\\/10910860\\\/\"]}]}<\/script>\n<!-- \/ Yoast SEO plugin. -->","yoast_head_json":{"title":"Delivery - studiu de piata Horeca foodservice 2023 - Hospitality Culture Research","description":"Exploreaz\u0103 tendin\u021bele serviciilor de livrare \u0219i comportamentul consumatorilor din Rom\u00e2nia. Raportul acoper\u0103 metodele de comand\u0103, loca\u021biile de livrare, preferin\u021bele \u0219i interac\u021biunile cu curierii. Achizi\u021bioneaz\u0103 acum pentru informa\u021bii detaliate despre pia\u021ba de livr\u0103ri.","robots":{"index":"index","follow":"follow","max-snippet":"max-snippet:-1","max-image-preview":"max-image-preview:large","max-video-preview":"max-video-preview:-1"},"canonical":"https:\/\/research.hospitalityculture.ro\/produs\/studiu-piata-delivery-horeca-foodservice-2023\/","og_locale":"ro_RO","og_type":"article","og_title":"Delivery - studiu de piata Horeca foodservice 2023 - Hospitality Culture Research","og_description":"Exploreaz\u0103 tendin\u021bele serviciilor de livrare \u0219i comportamentul consumatorilor din Rom\u00e2nia. Raportul acoper\u0103 metodele de comand\u0103, loca\u021biile de livrare, preferin\u021bele \u0219i interac\u021biunile cu curierii. Achizi\u021bioneaz\u0103 acum pentru informa\u021bii detaliate despre pia\u021ba de livr\u0103ri.","og_url":"https:\/\/research.hospitalityculture.ro\/produs\/studiu-piata-delivery-horeca-foodservice-2023\/","og_site_name":"Hospitality Culture Research","article_publisher":"https:\/\/www.facebook.com\/hospitalityculture.ro\/","article_modified_time":"2024-11-19T12:23:58+00:00","og_image":[{"width":1742,"height":1318,"url":"https:\/\/research.hospitalityculture.ro\/wp-content\/uploads\/2024\/09\/report2-photo1.jpg","type":"image\/jpeg"}],"twitter_card":"summary_large_image","twitter_misc":{"Timp estimat pentru citire":"1 minut"},"schema":{"@context":"https:\/\/schema.org","@graph":[{"@type":"WebPage","@id":"https:\/\/research.hospitalityculture.ro\/produs\/studiu-piata-delivery-horeca-foodservice-2023\/","url":"https:\/\/research.hospitalityculture.ro\/produs\/studiu-piata-delivery-horeca-foodservice-2023\/","name":"Delivery - studiu de piata Horeca foodservice 2023 - Hospitality Culture Research","isPartOf":{"@id":"https:\/\/research.hospitalityculture.ro\/#website"},"primaryImageOfPage":{"@id":"https:\/\/research.hospitalityculture.ro\/produs\/studiu-piata-delivery-horeca-foodservice-2023\/#primaryimage"},"image":{"@id":"https:\/\/research.hospitalityculture.ro\/produs\/studiu-piata-delivery-horeca-foodservice-2023\/#primaryimage"},"thumbnailUrl":"https:\/\/research.hospitalityculture.ro\/wp-content\/uploads\/2024\/09\/report2-photo1.jpg","datePublished":"2024-11-18T13:18:36+00:00","dateModified":"2024-11-19T12:23:58+00:00","description":"Exploreaz\u0103 tendin\u021bele serviciilor de livrare \u0219i comportamentul consumatorilor din Rom\u00e2nia. Raportul acoper\u0103 metodele de comand\u0103, loca\u021biile de livrare, preferin\u021bele \u0219i interac\u021biunile cu curierii. Achizi\u021bioneaz\u0103 acum pentru informa\u021bii detaliate despre pia\u021ba de livr\u0103ri.","breadcrumb":{"@id":"https:\/\/research.hospitalityculture.ro\/produs\/studiu-piata-delivery-horeca-foodservice-2023\/#breadcrumb"},"inLanguage":"ro-RO","potentialAction":[{"@type":"ReadAction","target":["https:\/\/research.hospitalityculture.ro\/produs\/studiu-piata-delivery-horeca-foodservice-2023\/"]}]},{"@type":"ImageObject","inLanguage":"ro-RO","@id":"https:\/\/research.hospitalityculture.ro\/produs\/studiu-piata-delivery-horeca-foodservice-2023\/#primaryimage","url":"https:\/\/research.hospitalityculture.ro\/wp-content\/uploads\/2024\/09\/report2-photo1.jpg","contentUrl":"https:\/\/research.hospitalityculture.ro\/wp-content\/uploads\/2024\/09\/report2-photo1.jpg","width":1742,"height":1318},{"@type":"BreadcrumbList","@id":"https:\/\/research.hospitalityculture.ro\/produs\/studiu-piata-delivery-horeca-foodservice-2023\/#breadcrumb","itemListElement":[{"@type":"ListItem","position":1,"name":"Prima pagin\u0103","item":"https:\/\/research.hospitalityculture.ro\/"},{"@type":"ListItem","position":2,"name":"Delivery &#8211; studiu de piata Horeca foodservice 2023"}]},{"@type":"WebSite","@id":"https:\/\/research.hospitalityculture.ro\/#website","url":"https:\/\/research.hospitalityculture.ro\/","name":"Research Hospitality Culture","description":"Date concrete din industria de foodservice","publisher":{"@id":"https:\/\/research.hospitalityculture.ro\/#organization"},"potentialAction":[{"@type":"SearchAction","target":{"@type":"EntryPoint","urlTemplate":"https:\/\/research.hospitalityculture.ro\/?s={search_term_string}"},"query-input":{"@type":"PropertyValueSpecification","valueRequired":true,"valueName":"search_term_string"}}],"inLanguage":"ro-RO"},{"@type":"Organization","@id":"https:\/\/research.hospitalityculture.ro\/#organization","name":"Research Hospitality Culture","url":"https:\/\/research.hospitalityculture.ro\/","logo":{"@type":"ImageObject","inLanguage":"ro-RO","@id":"https:\/\/research.hospitalityculture.ro\/#\/schema\/logo\/image\/","url":"https:\/\/research.hospitalityculture.ro\/wp-content\/uploads\/2024\/09\/image-2.png","contentUrl":"https:\/\/research.hospitalityculture.ro\/wp-content\/uploads\/2024\/09\/image-2.png","width":251,"height":115,"caption":"Research Hospitality Culture"},"image":{"@id":"https:\/\/research.hospitalityculture.ro\/#\/schema\/logo\/image\/"},"sameAs":["https:\/\/www.facebook.com\/hospitalityculture.ro\/","https:\/\/www.linkedin.com\/company\/10910860\/"]}]}},"_links":{"self":[{"href":"https:\/\/research.hospitalityculture.ro\/ro\/wp-json\/wp\/v2\/product\/2056","targetHints":{"allow":["GET"]}}],"collection":[{"href":"https:\/\/research.hospitalityculture.ro\/ro\/wp-json\/wp\/v2\/product"}],"about":[{"href":"https:\/\/research.hospitalityculture.ro\/ro\/wp-json\/wp\/v2\/types\/product"}],"replies":[{"embeddable":true,"href":"https:\/\/research.hospitalityculture.ro\/ro\/wp-json\/wp\/v2\/comments?post=2056"}],"wp:featuredmedia":[{"embeddable":true,"href":"https:\/\/research.hospitalityculture.ro\/ro\/wp-json\/wp\/v2\/media\/1964"}],"wp:attachment":[{"href":"https:\/\/research.hospitalityculture.ro\/ro\/wp-json\/wp\/v2\/media?parent=2056"}],"wp:term":[{"taxonomy":"product_brand","embeddable":true,"href":"https:\/\/research.hospitalityculture.ro\/ro\/wp-json\/wp\/v2\/product_brand?post=2056"},{"taxonomy":"product_cat","embeddable":true,"href":"https:\/\/research.hospitalityculture.ro\/ro\/wp-json\/wp\/v2\/product_cat?post=2056"},{"taxonomy":"product_tag","embeddable":true,"href":"https:\/\/research.hospitalityculture.ro\/ro\/wp-json\/wp\/v2\/product_tag?post=2056"}],"curies":[{"name":"wp","href":"https:\/\/api.w.org\/{rel}","templated":true}]}}