{"id":1991,"date":"2024-10-01T07:37:45","date_gmt":"2024-10-01T07:37:45","guid":{"rendered":"https:\/\/research.hospitalityculture.ro\/?post_type=product&#038;p=1991"},"modified":"2024-11-11T11:45:52","modified_gmt":"2024-11-11T11:45:52","slug":"restaurantul-digital-in-era-delivery","status":"publish","type":"product","link":"https:\/\/research.hospitalityculture.ro\/ro\/produs\/restaurantul-digital-in-era-delivery\/","title":{"rendered":"Restaurantul digital in era delivery (format electronic, pdf)"},"content":{"rendered":"<p style=\"font-weight: 400;\"><em>Sunt \u00een industria restaurantelor de treizeci \u0219i \u0219ase de ani. Am condus <\/em><em>trei restaurante de mare succes \u00een California de Sud. \u00cen timpul mandatului <\/em><em>meu, Caf\u00e9 Japengo a primit Premiul Gold Medallion al Asocia\u021biei Restaurantelor <\/em><em>din California pentru \u201eCel mai bun sushi\u201c opt ani la r\u00e2nd. Ast\u0103zi, James\u2019 <\/em><em>Place este un concept specializat de fuziune asiatic\u0103 ce ofer\u0103 un meniu casual <\/em><em>de fine dining, amplasat \u00een inima terenului La Jolla Playhouse. Echipa mea <\/em><em>este foarte m\u00e2ndr\u0103 s\u0103 ne \u00eenc\u00e2nte oaspe\u021bii de fiecare dat\u0103 c\u00e2nd ni se al\u0103tur\u0103.<\/em><\/p>\n<p style=\"font-weight: 400;\"><em>Abia recent mi-am dat seama c\u00e2t de mult se schimb\u0103 lucrurile pentru <\/em><em>oaspe\u021bii mei \u0219i ce impact au aceste schimb\u0103ri asupra restaurantului meu. <\/em><em>Fiul meu, Anthony, care lucreaz\u0103 cu mine, reprezint\u0103 urm\u0103toarea genera\u021bie <\/em><em>de operatori de restaurante. Sper c\u0103 va duce mai departe tradi\u021biile pe care <\/em><em>le-am \u00eenceput, dar mai sunt at\u00e2t de multe de ad\u0103ugat care \u00eel vor duce pe el <\/em><em>\u0219i aceast\u0103 industrie mai departe, spre lucruri \u0219i mai incredibile. Deja c\u00e2nd <\/em><em>vorbe\u0219te despre modul \u00een care el \u0219i prietenii s\u0103i tr\u0103iesc, \u00eemi dau seama c\u0103 <\/em><em>va dezvolta restaurantele noastre pentru a r\u0103spunde nevoilor genera\u021biei urm\u0103toare.<\/em><\/p>\n<p style=\"font-weight: 400;\"><em>Aceast\u0103 carte \u00eel va ajuta cu siguran\u021b\u0103 \u00een aceast\u0103 c\u0103l\u0103torie. <\/em><em>Orice proprietar de restaurant din ziua de azi v\u0103 va spune c\u0103 exist\u0103 o <\/em><em>gam\u0103 uluitoare de noi tehnologii disponibile pentru a \u00eembun\u0103t\u0103\u021bi experien\u021ba <\/em><em>\u00een restaurant.<\/em><\/p>\n","protected":false},"excerpt":{"rendered":"<p><strong>Orice proprietar de restaurant din ziua de azi v\u0103 va spune c\u0103 exist\u0103 o gam\u0103 uluitoare de noi tehnologii disponibile pentru a \u00eembun\u0103t\u0103\u021bi experien\u021ba \u00een restaurant.<\/strong><\/p>\n","protected":false},"featured_media":2044,"comment_status":"open","ping_status":"closed","template":"","meta":[],"product_brand":[],"product_cat":[94],"product_tag":[],"class_list":{"0":"post-1991","1":"product","2":"type-product","3":"status-publish","4":"has-post-thumbnail","6":"product_cat-carti","8":"first","9":"instock","10":"downloadable","11":"virtual","12":"purchasable","13":"product-type-simple"},"acf":[],"yoast_head":"<!-- This site is optimized with the Yoast SEO plugin v27.4 - https:\/\/yoast.com\/product\/yoast-seo-wordpress\/ -->\n<title>Restaurantul digital in era delivery (format electronic, pdf) - Hospitality Culture Research<\/title>\n<meta name=\"description\" content=\"Afla cum sa-ti transformi restaurantul in era digitala si a serviciilor de livrare. Cu o experienta de 36 de ani, autorul ofera sfaturi practice pentru adoptarea noilor tehnologii si adaptarea la nevoile generatiei viitoare. Ghid esential pentru orice restaurator modern.\" \/>\n<meta name=\"robots\" content=\"index, follow, max-snippet:-1, max-image-preview:large, max-video-preview:-1\" \/>\n<link rel=\"canonical\" href=\"https:\/\/research.hospitalityculture.ro\/produs\/restaurantul-digital-in-era-delivery\/\" \/>\n<meta property=\"og:locale\" content=\"ro_RO\" \/>\n<meta property=\"og:type\" content=\"article\" \/>\n<meta property=\"og:title\" content=\"Restaurantul digital in era delivery (format electronic, pdf) - Hospitality Culture Research\" \/>\n<meta property=\"og:description\" content=\"Afla cum sa-ti transformi restaurantul in era digitala si a serviciilor de livrare. Cu o experienta de 36 de ani, autorul ofera sfaturi practice pentru adoptarea noilor tehnologii si adaptarea la nevoile generatiei viitoare. Ghid esential pentru orice restaurator modern.\" \/>\n<meta property=\"og:url\" content=\"https:\/\/research.hospitalityculture.ro\/produs\/restaurantul-digital-in-era-delivery\/\" \/>\n<meta property=\"og:site_name\" content=\"Hospitality Culture Research\" \/>\n<meta property=\"article:publisher\" content=\"https:\/\/www.facebook.com\/hospitalityculture.ro\/\" \/>\n<meta property=\"article:modified_time\" content=\"2024-11-11T11:45:52+00:00\" \/>\n<meta property=\"og:image\" content=\"https:\/\/research.hospitalityculture.ro\/wp-content\/uploads\/2024\/10\/Screenshot-2024-11-01-at-17.21.16.png\" \/>\n\t<meta property=\"og:image:width\" content=\"1030\" \/>\n\t<meta property=\"og:image:height\" content=\"1584\" \/>\n\t<meta property=\"og:image:type\" content=\"image\/png\" \/>\n<meta name=\"twitter:card\" content=\"summary_large_image\" \/>\n<meta name=\"twitter:label1\" content=\"Timp estimat pentru citire\" \/>\n\t<meta name=\"twitter:data1\" content=\"2 minute\" \/>\n<script type=\"application\/ld+json\" class=\"yoast-schema-graph\">{\"@context\":\"https:\\\/\\\/schema.org\",\"@graph\":[{\"@type\":\"WebPage\",\"@id\":\"https:\\\/\\\/research.hospitalityculture.ro\\\/produs\\\/restaurantul-digital-in-era-delivery\\\/\",\"url\":\"https:\\\/\\\/research.hospitalityculture.ro\\\/produs\\\/restaurantul-digital-in-era-delivery\\\/\",\"name\":\"Restaurantul digital in era delivery (format electronic, pdf) - Hospitality Culture Research\",\"isPartOf\":{\"@id\":\"https:\\\/\\\/research.hospitalityculture.ro\\\/#website\"},\"primaryImageOfPage\":{\"@id\":\"https:\\\/\\\/research.hospitalityculture.ro\\\/produs\\\/restaurantul-digital-in-era-delivery\\\/#primaryimage\"},\"image\":{\"@id\":\"https:\\\/\\\/research.hospitalityculture.ro\\\/produs\\\/restaurantul-digital-in-era-delivery\\\/#primaryimage\"},\"thumbnailUrl\":\"https:\\\/\\\/research.hospitalityculture.ro\\\/wp-content\\\/uploads\\\/2024\\\/10\\\/Screenshot-2024-11-01-at-17.21.16.png\",\"datePublished\":\"2024-10-01T07:37:45+00:00\",\"dateModified\":\"2024-11-11T11:45:52+00:00\",\"description\":\"Afla cum sa-ti transformi restaurantul in era digitala si a serviciilor de livrare. Cu o experienta de 36 de ani, autorul ofera sfaturi practice pentru adoptarea noilor tehnologii si adaptarea la nevoile generatiei viitoare. Ghid esential pentru orice restaurator modern.\",\"breadcrumb\":{\"@id\":\"https:\\\/\\\/research.hospitalityculture.ro\\\/produs\\\/restaurantul-digital-in-era-delivery\\\/#breadcrumb\"},\"inLanguage\":\"ro-RO\",\"potentialAction\":[{\"@type\":\"ReadAction\",\"target\":[\"https:\\\/\\\/research.hospitalityculture.ro\\\/produs\\\/restaurantul-digital-in-era-delivery\\\/\"]}]},{\"@type\":\"ImageObject\",\"inLanguage\":\"ro-RO\",\"@id\":\"https:\\\/\\\/research.hospitalityculture.ro\\\/produs\\\/restaurantul-digital-in-era-delivery\\\/#primaryimage\",\"url\":\"https:\\\/\\\/research.hospitalityculture.ro\\\/wp-content\\\/uploads\\\/2024\\\/10\\\/Screenshot-2024-11-01-at-17.21.16.png\",\"contentUrl\":\"https:\\\/\\\/research.hospitalityculture.ro\\\/wp-content\\\/uploads\\\/2024\\\/10\\\/Screenshot-2024-11-01-at-17.21.16.png\",\"width\":1030,\"height\":1584},{\"@type\":\"BreadcrumbList\",\"@id\":\"https:\\\/\\\/research.hospitalityculture.ro\\\/produs\\\/restaurantul-digital-in-era-delivery\\\/#breadcrumb\",\"itemListElement\":[{\"@type\":\"ListItem\",\"position\":1,\"name\":\"Prima pagin\u0103\",\"item\":\"https:\\\/\\\/research.hospitalityculture.ro\\\/\"},{\"@type\":\"ListItem\",\"position\":2,\"name\":\"Restaurantul digital in era delivery (format electronic, pdf)\"}]},{\"@type\":\"WebSite\",\"@id\":\"https:\\\/\\\/research.hospitalityculture.ro\\\/#website\",\"url\":\"https:\\\/\\\/research.hospitalityculture.ro\\\/\",\"name\":\"Research Hospitality Culture\",\"description\":\"Date concrete din industria de foodservice\",\"publisher\":{\"@id\":\"https:\\\/\\\/research.hospitalityculture.ro\\\/#organization\"},\"potentialAction\":[{\"@type\":\"SearchAction\",\"target\":{\"@type\":\"EntryPoint\",\"urlTemplate\":\"https:\\\/\\\/research.hospitalityculture.ro\\\/?s={search_term_string}\"},\"query-input\":{\"@type\":\"PropertyValueSpecification\",\"valueRequired\":true,\"valueName\":\"search_term_string\"}}],\"inLanguage\":\"ro-RO\"},{\"@type\":\"Organization\",\"@id\":\"https:\\\/\\\/research.hospitalityculture.ro\\\/#organization\",\"name\":\"Research Hospitality Culture\",\"url\":\"https:\\\/\\\/research.hospitalityculture.ro\\\/\",\"logo\":{\"@type\":\"ImageObject\",\"inLanguage\":\"ro-RO\",\"@id\":\"https:\\\/\\\/research.hospitalityculture.ro\\\/#\\\/schema\\\/logo\\\/image\\\/\",\"url\":\"https:\\\/\\\/research.hospitalityculture.ro\\\/wp-content\\\/uploads\\\/2024\\\/09\\\/image-2.png\",\"contentUrl\":\"https:\\\/\\\/research.hospitalityculture.ro\\\/wp-content\\\/uploads\\\/2024\\\/09\\\/image-2.png\",\"width\":251,\"height\":115,\"caption\":\"Research Hospitality Culture\"},\"image\":{\"@id\":\"https:\\\/\\\/research.hospitalityculture.ro\\\/#\\\/schema\\\/logo\\\/image\\\/\"},\"sameAs\":[\"https:\\\/\\\/www.facebook.com\\\/hospitalityculture.ro\\\/\",\"https:\\\/\\\/www.linkedin.com\\\/company\\\/10910860\\\/\"]}]}<\/script>\n<!-- \/ Yoast SEO plugin. -->","yoast_head_json":{"title":"Restaurantul digital in era delivery (format electronic, pdf) - Hospitality Culture Research","description":"Afla cum sa-ti transformi restaurantul in era digitala si a serviciilor de livrare. Cu o experienta de 36 de ani, autorul ofera sfaturi practice pentru adoptarea noilor tehnologii si adaptarea la nevoile generatiei viitoare. Ghid esential pentru orice restaurator modern.","robots":{"index":"index","follow":"follow","max-snippet":"max-snippet:-1","max-image-preview":"max-image-preview:large","max-video-preview":"max-video-preview:-1"},"canonical":"https:\/\/research.hospitalityculture.ro\/produs\/restaurantul-digital-in-era-delivery\/","og_locale":"ro_RO","og_type":"article","og_title":"Restaurantul digital in era delivery (format electronic, pdf) - Hospitality Culture Research","og_description":"Afla cum sa-ti transformi restaurantul in era digitala si a serviciilor de livrare. Cu o experienta de 36 de ani, autorul ofera sfaturi practice pentru adoptarea noilor tehnologii si adaptarea la nevoile generatiei viitoare. Ghid esential pentru orice restaurator modern.","og_url":"https:\/\/research.hospitalityculture.ro\/produs\/restaurantul-digital-in-era-delivery\/","og_site_name":"Hospitality Culture Research","article_publisher":"https:\/\/www.facebook.com\/hospitalityculture.ro\/","article_modified_time":"2024-11-11T11:45:52+00:00","og_image":[{"width":1030,"height":1584,"url":"https:\/\/research.hospitalityculture.ro\/wp-content\/uploads\/2024\/10\/Screenshot-2024-11-01-at-17.21.16.png","type":"image\/png"}],"twitter_card":"summary_large_image","twitter_misc":{"Timp estimat pentru citire":"2 minute"},"schema":{"@context":"https:\/\/schema.org","@graph":[{"@type":"WebPage","@id":"https:\/\/research.hospitalityculture.ro\/produs\/restaurantul-digital-in-era-delivery\/","url":"https:\/\/research.hospitalityculture.ro\/produs\/restaurantul-digital-in-era-delivery\/","name":"Restaurantul digital in era delivery (format electronic, pdf) - Hospitality Culture Research","isPartOf":{"@id":"https:\/\/research.hospitalityculture.ro\/#website"},"primaryImageOfPage":{"@id":"https:\/\/research.hospitalityculture.ro\/produs\/restaurantul-digital-in-era-delivery\/#primaryimage"},"image":{"@id":"https:\/\/research.hospitalityculture.ro\/produs\/restaurantul-digital-in-era-delivery\/#primaryimage"},"thumbnailUrl":"https:\/\/research.hospitalityculture.ro\/wp-content\/uploads\/2024\/10\/Screenshot-2024-11-01-at-17.21.16.png","datePublished":"2024-10-01T07:37:45+00:00","dateModified":"2024-11-11T11:45:52+00:00","description":"Afla cum sa-ti transformi restaurantul in era digitala si a serviciilor de livrare. Cu o experienta de 36 de ani, autorul ofera sfaturi practice pentru adoptarea noilor tehnologii si adaptarea la nevoile generatiei viitoare. Ghid esential pentru orice restaurator modern.","breadcrumb":{"@id":"https:\/\/research.hospitalityculture.ro\/produs\/restaurantul-digital-in-era-delivery\/#breadcrumb"},"inLanguage":"ro-RO","potentialAction":[{"@type":"ReadAction","target":["https:\/\/research.hospitalityculture.ro\/produs\/restaurantul-digital-in-era-delivery\/"]}]},{"@type":"ImageObject","inLanguage":"ro-RO","@id":"https:\/\/research.hospitalityculture.ro\/produs\/restaurantul-digital-in-era-delivery\/#primaryimage","url":"https:\/\/research.hospitalityculture.ro\/wp-content\/uploads\/2024\/10\/Screenshot-2024-11-01-at-17.21.16.png","contentUrl":"https:\/\/research.hospitalityculture.ro\/wp-content\/uploads\/2024\/10\/Screenshot-2024-11-01-at-17.21.16.png","width":1030,"height":1584},{"@type":"BreadcrumbList","@id":"https:\/\/research.hospitalityculture.ro\/produs\/restaurantul-digital-in-era-delivery\/#breadcrumb","itemListElement":[{"@type":"ListItem","position":1,"name":"Prima pagin\u0103","item":"https:\/\/research.hospitalityculture.ro\/"},{"@type":"ListItem","position":2,"name":"Restaurantul digital in era delivery (format electronic, pdf)"}]},{"@type":"WebSite","@id":"https:\/\/research.hospitalityculture.ro\/#website","url":"https:\/\/research.hospitalityculture.ro\/","name":"Research Hospitality Culture","description":"Date concrete din industria de foodservice","publisher":{"@id":"https:\/\/research.hospitalityculture.ro\/#organization"},"potentialAction":[{"@type":"SearchAction","target":{"@type":"EntryPoint","urlTemplate":"https:\/\/research.hospitalityculture.ro\/?s={search_term_string}"},"query-input":{"@type":"PropertyValueSpecification","valueRequired":true,"valueName":"search_term_string"}}],"inLanguage":"ro-RO"},{"@type":"Organization","@id":"https:\/\/research.hospitalityculture.ro\/#organization","name":"Research Hospitality Culture","url":"https:\/\/research.hospitalityculture.ro\/","logo":{"@type":"ImageObject","inLanguage":"ro-RO","@id":"https:\/\/research.hospitalityculture.ro\/#\/schema\/logo\/image\/","url":"https:\/\/research.hospitalityculture.ro\/wp-content\/uploads\/2024\/09\/image-2.png","contentUrl":"https:\/\/research.hospitalityculture.ro\/wp-content\/uploads\/2024\/09\/image-2.png","width":251,"height":115,"caption":"Research Hospitality Culture"},"image":{"@id":"https:\/\/research.hospitalityculture.ro\/#\/schema\/logo\/image\/"},"sameAs":["https:\/\/www.facebook.com\/hospitalityculture.ro\/","https:\/\/www.linkedin.com\/company\/10910860\/"]}]}},"_links":{"self":[{"href":"https:\/\/research.hospitalityculture.ro\/ro\/wp-json\/wp\/v2\/product\/1991","targetHints":{"allow":["GET"]}}],"collection":[{"href":"https:\/\/research.hospitalityculture.ro\/ro\/wp-json\/wp\/v2\/product"}],"about":[{"href":"https:\/\/research.hospitalityculture.ro\/ro\/wp-json\/wp\/v2\/types\/product"}],"replies":[{"embeddable":true,"href":"https:\/\/research.hospitalityculture.ro\/ro\/wp-json\/wp\/v2\/comments?post=1991"}],"wp:featuredmedia":[{"embeddable":true,"href":"https:\/\/research.hospitalityculture.ro\/ro\/wp-json\/wp\/v2\/media\/2044"}],"wp:attachment":[{"href":"https:\/\/research.hospitalityculture.ro\/ro\/wp-json\/wp\/v2\/media?parent=1991"}],"wp:term":[{"taxonomy":"product_brand","embeddable":true,"href":"https:\/\/research.hospitalityculture.ro\/ro\/wp-json\/wp\/v2\/product_brand?post=1991"},{"taxonomy":"product_cat","embeddable":true,"href":"https:\/\/research.hospitalityculture.ro\/ro\/wp-json\/wp\/v2\/product_cat?post=1991"},{"taxonomy":"product_tag","embeddable":true,"href":"https:\/\/research.hospitalityculture.ro\/ro\/wp-json\/wp\/v2\/product_tag?post=1991"}],"curies":[{"name":"wp","href":"https:\/\/api.w.org\/{rel}","templated":true}]}}